{"id":98,"date":"2024-06-05T23:58:34","date_gmt":"2024-06-05T21:58:34","guid":{"rendered":"https:\/\/michellemarieweddings.de\/leistung-1\/"},"modified":"2026-01-11T23:05:57","modified_gmt":"2026-01-11T22:05:57","slug":"overall-planning","status":"publish","type":"page","link":"https:\/\/michellemarieweddings.de\/en\/overall-planning\/","title":{"rendered":"Full Planning"},"content":{"rendered":"<div data-elementor-type=\"wp-page\" data-elementor-id=\"98\" class=\"elementor elementor-98\" data-elementor-post-type=\"page\">\n\t\t\t\t\t\t<section class=\"elementor-section elementor-top-section elementor-element elementor-element-61ce95a7 elementor-section-height-min-height elementor-section-items-stretch elementor-section-content-middle elementor-section-boxed elementor-section-height-default\" data-id=\"61ce95a7\" data-element_type=\"section\" data-settings=\"{&quot;background_background&quot;:&quot;classic&quot;}\">\n\t\t\t\t\t\t<div class=\"elementor-container elementor-column-gap-no\">\n\t\t\t\t\t<div class=\"elementor-column elementor-col-100 elementor-top-column elementor-element elementor-element-2e80ec9c\" data-id=\"2e80ec9c\" data-element_type=\"column\">\n\t\t\t<div class=\"elementor-widget-wrap elementor-element-populated\">\n\t\t\t\t\t\t<div class=\"elementor-element elementor-element-53f77d38 elementor-invisible elementor-widget elementor-widget-heading\" data-id=\"53f77d38\" data-element_type=\"widget\" data-settings=\"{&quot;_animation&quot;:&quot;fadeIn&quot;}\" data-widget_type=\"heading.default\">\n\t\t\t\t<div class=\"elementor-widget-container\">\n\t\t\t\t\t<h1 class=\"elementor-heading-title elementor-size-default\">Full Planning<\/h1>\t\t\t\t<\/div>\n\t\t\t\t<\/div>\n\t\t\t\t\t<\/div>\n\t\t<\/div>\n\t\t\t\t\t<\/div>\n\t\t<\/section>\n\t\t\t\t<section class=\"elementor-section elementor-top-section elementor-element elementor-element-25757ec elementor-section-full_width elementor-section-height-min-height elementor-section-items-stretch elementor-section-content-middle elementor-section-height-default\" data-id=\"25757ec\" data-element_type=\"section\">\n\t\t\t\t\t\t<div class=\"elementor-container elementor-column-gap-no\">\n\t\t\t\t\t<div class=\"elementor-column elementor-col-50 elementor-top-column elementor-element elementor-element-752a230f\" data-id=\"752a230f\" data-element_type=\"column\" data-settings=\"{&quot;background_background&quot;:&quot;classic&quot;}\">\n\t\t\t<div class=\"elementor-widget-wrap elementor-element-populated\">\n\t\t\t\t\t\t<div class=\"elementor-element elementor-element-3ed53c69 elementor-invisible elementor-widget elementor-widget-image\" data-id=\"3ed53c69\" data-element_type=\"widget\" data-settings=\"{&quot;_animation&quot;:&quot;fadeIn&quot;}\" data-widget_type=\"image.default\">\n\t\t\t\t<div class=\"elementor-widget-container\">\n\t\t\t\t\t\t\t\t\t\t\t\t\t\t\t<img fetchpriority=\"high\" decoding=\"async\" width=\"2048\" height=\"1365\" src=\"https:\/\/michellemarieweddings.de\/wp-content\/uploads\/2025\/09\/Trauzeremonie-mit-freier-Rednerin_Zerina-Kaps-Photography.jpg\" class=\"attachment-full size-full wp-image-1635\" alt=\"Wedding couple with free speaker - free wedding ceremony in the Blue Salon Alleesaal Bad Schwalbach - wedding planning MichelleMarie Weddings - Pia Schmeling - Frankfurt-Rhein-Main-Hessen and Germany-wide\" srcset=\"https:\/\/michellemarieweddings.de\/wp-content\/uploads\/2025\/09\/Trauzeremonie-mit-freier-Rednerin_Zerina-Kaps-Photography.jpg 2048w, https:\/\/michellemarieweddings.de\/wp-content\/uploads\/2025\/09\/Trauzeremonie-mit-freier-Rednerin_Zerina-Kaps-Photography-300x200.jpg 300w, https:\/\/michellemarieweddings.de\/wp-content\/uploads\/2025\/09\/Trauzeremonie-mit-freier-Rednerin_Zerina-Kaps-Photography-1024x683.jpg 1024w, https:\/\/michellemarieweddings.de\/wp-content\/uploads\/2025\/09\/Trauzeremonie-mit-freier-Rednerin_Zerina-Kaps-Photography-768x512.jpg 768w, https:\/\/michellemarieweddings.de\/wp-content\/uploads\/2025\/09\/Trauzeremonie-mit-freier-Rednerin_Zerina-Kaps-Photography-1536x1024.jpg 1536w\" sizes=\"(max-width: 2048px) 100vw, 2048px\" \/>\t\t\t\t\t\t\t\t\t\t\t\t\t\t\t<\/div>\n\t\t\t\t<\/div>\n\t\t\t\t\t<\/div>\n\t\t<\/div>\n\t\t\t\t<div class=\"elementor-column elementor-col-50 elementor-top-column elementor-element elementor-element-4d18c374\" data-id=\"4d18c374\" data-element_type=\"column\">\n\t\t\t<div class=\"elementor-widget-wrap elementor-element-populated\">\n\t\t\t\t\t\t<div class=\"elementor-element elementor-element-36e2da68 elementor-invisible elementor-widget elementor-widget-heading\" data-id=\"36e2da68\" data-element_type=\"widget\" data-settings=\"{&quot;_animation&quot;:&quot;fadeIn&quot;}\" data-widget_type=\"heading.default\">\n\t\t\t\t<div class=\"elementor-widget-container\">\n\t\t\t\t\t<h2 class=\"elementor-heading-title elementor-size-default\">Full Planning <br>-a beautifully relaxed path to your wedding day-<\/h2>\t\t\t\t<\/div>\n\t\t\t\t<\/div>\n\t\t\t\t<div class=\"elementor-element elementor-element-252495b3 elementor-invisible elementor-widget elementor-widget-heading\" data-id=\"252495b3\" data-element_type=\"widget\" data-settings=\"{&quot;_animation&quot;:&quot;fadeIn&quot;,&quot;_animation_delay&quot;:&quot;200&quot;}\" data-widget_type=\"heading.default\">\n\t\t\t\t<div class=\"elementor-widget-container\">\n\t\t\t\t\t<p class=\"elementor-heading-title elementor-size-default\">The exclusive, all-embracing experience <br>\n because your day deserves the very best!<\/p>\t\t\t\t<\/div>\n\t\t\t\t<\/div>\n\t\t\t\t<div class=\"elementor-element elementor-element-31cebd68 elementor-widget-divider--view-line elementor-widget elementor-widget-divider\" data-id=\"31cebd68\" data-element_type=\"widget\" data-widget_type=\"divider.default\">\n\t\t\t\t<div class=\"elementor-widget-container\">\n\t\t\t\t\t\t\t<div class=\"elementor-divider\">\n\t\t\t<span class=\"elementor-divider-separator\">\n\t\t\t\t\t\t<\/span>\n\t\t<\/div>\n\t\t\t\t\t\t<\/div>\n\t\t\t\t<\/div>\n\t\t\t\t<div class=\"elementor-element elementor-element-2be19458 elementor-widget elementor-widget-text-editor\" data-id=\"2be19458\" data-element_type=\"widget\" data-widget_type=\"text-editor.default\">\n\t\t\t\t<div class=\"elementor-widget-container\">\n\t\t\t\t\t\t\t\t\t<p>Who doesn't dream of simply sitting back, relaxing and enjoying the anticipation of their own wedding? By opting for overall planning, you're treating yourself to exactly this experience.<\/p><p>Placing the many hours of organization in experienced hands means gifting yourselves something invaluable: time - while still remaining part of every meaningful decision.\u00a0<\/p><p>Moments together as a couple are precious, especially when life already feels full.<\/p><p>No endless back-and-forth about tiny details, no exhausting vendor research, no struggle to weave everything into one harmonious concept - instead, a wedding that unfolds with grace and calm.\u00a0<\/p><p>Your witnesses, parents, siblings, and friends don\u00b4t have to step into the roles of planners or helpers.\u00a0<\/p><p>No one feels obligated. Everyone can simply arrive as a cherished guest - and truly enjoy your celebration.\u00a0<\/p><p>A wedding is not just an event. It is a once-in-a-lifetime experience filled with emotion, beauty, and memories that last forever.<\/p><p>\u00a0So honor yourselves - and the time you share. It is your true luxury.<\/p>\t\t\t\t\t\t\t\t<\/div>\n\t\t\t\t<\/div>\n\t\t\t\t\t<\/div>\n\t\t<\/div>\n\t\t\t\t\t<\/div>\n\t\t<\/section>\n\t\t\t\t<section class=\"elementor-section elementor-top-section elementor-element elementor-element-3cc8aaa5 elementor-section-full_width elementor-section-height-min-height elementor-section-items-stretch elementor-section-content-middle elementor-reverse-mobile elementor-section-height-default\" data-id=\"3cc8aaa5\" data-element_type=\"section\">\n\t\t\t\t\t\t<div class=\"elementor-container elementor-column-gap-no\">\n\t\t\t\t\t<div class=\"elementor-column elementor-col-50 elementor-top-column elementor-element elementor-element-3245aba9\" data-id=\"3245aba9\" data-element_type=\"column\">\n\t\t\t<div class=\"elementor-widget-wrap elementor-element-populated\">\n\t\t\t\t\t\t<div class=\"elementor-element elementor-element-77cd8e03 elementor-invisible elementor-widget elementor-widget-heading\" data-id=\"77cd8e03\" data-element_type=\"widget\" data-settings=\"{&quot;_animation&quot;:&quot;fadeIn&quot;}\" data-widget_type=\"heading.default\">\n\t\t\t\t<div class=\"elementor-widget-container\">\n\t\t\t\t\t<h2 class=\"elementor-heading-title elementor-size-default\">Why I recommend Full Planning?<\/h2>\t\t\t\t<\/div>\n\t\t\t\t<\/div>\n\t\t\t\t<div class=\"elementor-element elementor-element-746f3f7d elementor-widget-divider--view-line_text elementor-widget-divider--element-align-center elementor-widget elementor-widget-divider\" data-id=\"746f3f7d\" data-element_type=\"widget\" data-widget_type=\"divider.default\">\n\t\t\t\t<div class=\"elementor-widget-container\">\n\t\t\t\t\t\t\t<div class=\"elementor-divider\">\n\t\t\t<span class=\"elementor-divider-separator\">\n\t\t\t\t\t\t\t<span class=\"elementor-divider__text elementor-divider__element\">\n\t\t\t\tFull planning covers every aspect of your wedding easing your mind and saving countless hours.<br><br>Perfect for couples who value a truly exclusive experience.<br><br>The following services are included:\t\t\t\t<\/span>\n\t\t\t\t\t\t<\/span>\n\t\t<\/div>\n\t\t\t\t\t\t<\/div>\n\t\t\t\t<\/div>\n\t\t\t\t<div class=\"elementor-element elementor-element-14718b51 elementor-widget elementor-widget-text-editor\" data-id=\"14718b51\" data-element_type=\"widget\" data-widget_type=\"text-editor.default\">\n\t\t\t\t<div class=\"elementor-widget-container\">\n\t\t\t\t\t\t\t\t\t<ul>\n<li>Registry office organization &amp; church\/location search<\/li>\n<li>Communication and coordination with the location<\/li>\n<li>Budget and schedule<\/li>\n<li>Travel and guest logistics<\/li>\n<li>Invitation management &amp; wedding stationery<\/li>\n<li>Customized wedding design concept&nbsp;<\/li>\n<li>Research, booking, communication and coordination of all service providers<\/li>\n<li>Planning meetings and comprehensive support during the planning period<\/li>\n<\/ul>\t\t\t\t\t\t\t\t<\/div>\n\t\t\t\t<\/div>\n\t\t\t\t\t<\/div>\n\t\t<\/div>\n\t\t\t\t<div class=\"elementor-column elementor-col-50 elementor-top-column elementor-element elementor-element-18d60c2a\" data-id=\"18d60c2a\" data-element_type=\"column\" data-settings=\"{&quot;background_background&quot;:&quot;classic&quot;}\">\n\t\t\t<div class=\"elementor-widget-wrap elementor-element-populated\">\n\t\t\t\t\t\t<div class=\"elementor-element elementor-element-6eb3dabb elementor-invisible elementor-widget elementor-widget-image\" data-id=\"6eb3dabb\" data-element_type=\"widget\" data-settings=\"{&quot;_animation&quot;:&quot;fadeIn&quot;}\" data-widget_type=\"image.default\">\n\t\t\t\t<div class=\"elementor-widget-container\">\n\t\t\t\t\t\t\t\t\t\t\t\t\t\t\t<img decoding=\"async\" width=\"683\" height=\"1024\" src=\"https:\/\/michellemarieweddings.de\/wp-content\/uploads\/2025\/09\/Braut-lehnt-an-Spiegel_Rina-Radtke-Photography-683x1024.jpg\" class=\"attachment-large size-large wp-image-1735\" alt=\"Bride leaning against mirror in historic wedding venue . romantic moments - first look - perfect wedding moment - the perfect start to the day of your wedding - dream wedding in the castle - Alleesaal Bad Schwalbach - classicist design for your wedding - modern Sissi wedding - Cinderella wedding - modern fairytale wedding - dream wedding dress - tulle dream by Millia London - romantic wedding bouquet - pure romance on your wedding day - wedding planning completely relaxed and with great anticipation - location with castle character in the Rhine Main area - wedding planning and wedding design MichelleMarie Weddings - Pia Schmeling - Frankfurt-Wiesbaden-Mainz-Taunus-Hanau-Darmstadt-Hessen-Germany-wide - small fine stylish weddings - small luxury weddings - Microweddings - Tiny Wedding in Germany - make your dream wedding come true - relaxed wedding with professional support makes it easier - wedding floristry Blumen Koser - wedding styling Wioletta Patsaka - wedding planning and wedding design from a single source - wedding design that makes all eyes shine - tailor-made weddings - weddings that set new standards - wedding photography Rina Radtke Photography - pastel colored wedding\" srcset=\"https:\/\/michellemarieweddings.de\/wp-content\/uploads\/2025\/09\/Braut-lehnt-an-Spiegel_Rina-Radtke-Photography-683x1024.jpg 683w, https:\/\/michellemarieweddings.de\/wp-content\/uploads\/2025\/09\/Braut-lehnt-an-Spiegel_Rina-Radtke-Photography-200x300.jpg 200w, https:\/\/michellemarieweddings.de\/wp-content\/uploads\/2025\/09\/Braut-lehnt-an-Spiegel_Rina-Radtke-Photography-768x1152.jpg 768w, https:\/\/michellemarieweddings.de\/wp-content\/uploads\/2025\/09\/Braut-lehnt-an-Spiegel_Rina-Radtke-Photography-1024x1536.jpg 1024w, https:\/\/michellemarieweddings.de\/wp-content\/uploads\/2025\/09\/Braut-lehnt-an-Spiegel_Rina-Radtke-Photography-1365x2048.jpg 1365w, https:\/\/michellemarieweddings.de\/wp-content\/uploads\/2025\/09\/Braut-lehnt-an-Spiegel_Rina-Radtke-Photography-scaled.jpg 1707w\" sizes=\"(max-width: 683px) 100vw, 683px\" \/>\t\t\t\t\t\t\t\t\t\t\t\t\t\t\t<\/div>\n\t\t\t\t<\/div>\n\t\t\t\t\t<\/div>\n\t\t<\/div>\n\t\t\t\t\t<\/div>\n\t\t<\/section>\n\t\t\t\t<section class=\"elementor-section elementor-top-section elementor-element elementor-element-45406589 elementor-section-height-min-height elementor-section-full_width elementor-section-items-stretch elementor-section-content-middle elementor-section-height-default\" data-id=\"45406589\" data-element_type=\"section\" data-settings=\"{&quot;background_background&quot;:&quot;classic&quot;}\">\n\t\t\t\t\t\t<div class=\"elementor-container elementor-column-gap-no\">\n\t\t\t\t\t<div class=\"elementor-column elementor-col-100 elementor-top-column elementor-element elementor-element-8f85df4\" data-id=\"8f85df4\" data-element_type=\"column\" data-settings=\"{&quot;background_background&quot;:&quot;classic&quot;}\">\n\t\t\t<div class=\"elementor-widget-wrap elementor-element-populated\">\n\t\t\t\t\t\t<div class=\"elementor-element elementor-element-f27f542 elementor-widget elementor-widget-heading\" data-id=\"f27f542\" data-element_type=\"widget\" data-widget_type=\"heading.default\">\n\t\t\t\t<div class=\"elementor-widget-container\">\n\t\t\t\t\t<h2 class=\"elementor-heading-title elementor-size-default\">Get in touch<\/h2>\t\t\t\t<\/div>\n\t\t\t\t<\/div>\n\t\t\t\t<div class=\"elementor-element elementor-element-51c858a2 elementor-widget elementor-widget-text-editor\" data-id=\"51c858a2\" data-element_type=\"widget\" data-widget_type=\"text-editor.default\">\n\t\t\t\t<div class=\"elementor-widget-container\">\n\t\t\t\t\t\t\t\t\t<p style=\"text-align: center;\"><strong>Exclusive support in all aspects of your wedding planning. <\/strong><\/p><p style=\"text-align: center;\"><strong>Share your vision of your personal dream wedding with me.\u00a0<\/strong><\/p>\t\t\t\t\t\t\t\t<\/div>\n\t\t\t\t<\/div>\n\t\t\t\t<div class=\"elementor-element elementor-element-266bf572 elementor-align-center elementor-widget elementor-widget-button\" data-id=\"266bf572\" data-element_type=\"widget\" data-widget_type=\"button.default\">\n\t\t\t\t<div class=\"elementor-widget-container\">\n\t\t\t\t\t\t\t\t\t<div class=\"elementor-button-wrapper\">\n\t\t\t\t\t<a class=\"elementor-button elementor-button-link elementor-size-sm elementor-animation-hang\" href=\"https:\/\/tally.so\/r\/eqQ9bq?lang=en\" target=\"_blank\" rel=\"noopener\">\n\t\t\t\t\t\t<span class=\"elementor-button-content-wrapper\">\n\t\t\t\t\t\t\t\t\t<span class=\"elementor-button-text\">For a free consultation \u27f6<\/span>\n\t\t\t\t\t<\/span>\n\t\t\t\t\t<\/a>\n\t\t\t\t<\/div>\n\t\t\t\t\t\t\t\t<\/div>\n\t\t\t\t<\/div>\n\t\t\t\t\t<\/div>\n\t\t<\/div>\n\t\t\t\t\t<\/div>\n\t\t<\/section>\n\t\t\t\t<\/div>","protected":false},"excerpt":{"rendered":"<p>Die Gesamtplanung Die Gesamtplanung -ganz entspannt heiraten- Das exklusive Rund-um Sorglos Paket weil ihr es euch wert seid! Wer tr\u00e4umt nicht davon, sich einfach ganz entspannt zur\u00fcckzulehnen und die Vorfreude auf die eigene Hochzeit zu genie\u00dfen. Mit der Entscheidung f\u00fcr eine Gesamtplanung, g\u00f6nnt ihr euch genau dieses Erlebnis. Eins werdet ihr sicher nicht bereuen: die [&hellip;]<\/p>\n","protected":false},"author":1,"featured_media":0,"parent":0,"menu_order":0,"comment_status":"closed","ping_status":"closed","template":"elementor_header_footer","meta":{"footnotes":""},"class_list":["post-98","page","type-page","status-publish","hentry"],"_links":{"self":[{"href":"https:\/\/michellemarieweddings.de\/en\/wp-json\/wp\/v2\/pages\/98","targetHints":{"allow":["GET"]}}],"collection":[{"href":"https:\/\/michellemarieweddings.de\/en\/wp-json\/wp\/v2\/pages"}],"about":[{"href":"https:\/\/michellemarieweddings.de\/en\/wp-json\/wp\/v2\/types\/page"}],"author":[{"embeddable":true,"href":"https:\/\/michellemarieweddings.de\/en\/wp-json\/wp\/v2\/users\/1"}],"replies":[{"embeddable":true,"href":"https:\/\/michellemarieweddings.de\/en\/wp-json\/wp\/v2\/comments?post=98"}],"version-history":[{"count":10,"href":"https:\/\/michellemarieweddings.de\/en\/wp-json\/wp\/v2\/pages\/98\/revisions"}],"predecessor-version":[{"id":1990,"href":"https:\/\/michellemarieweddings.de\/en\/wp-json\/wp\/v2\/pages\/98\/revisions\/1990"}],"wp:attachment":[{"href":"https:\/\/michellemarieweddings.de\/en\/wp-json\/wp\/v2\/media?parent=98"}],"curies":[{"name":"wp","href":"https:\/\/api.w.org\/{rel}","templated":true}]}}