{"id":93,"date":"2024-06-05T23:58:33","date_gmt":"2024-06-05T21:58:33","guid":{"rendered":"https:\/\/michellemarieweddings.de\/ueber-mich\/"},"modified":"2026-01-05T23:28:30","modified_gmt":"2026-01-05T22:28:30","slug":"about-me","status":"publish","type":"page","link":"https:\/\/michellemarieweddings.de\/en\/about-me\/","title":{"rendered":"About me"},"content":{"rendered":"<div data-elementor-type=\"wp-page\" data-elementor-id=\"93\" class=\"elementor elementor-93\" data-elementor-post-type=\"page\">\n\t\t\t\t\t\t<section class=\"elementor-section elementor-top-section elementor-element elementor-element-93d1112 elementor-section-full_width elementor-section-height-min-height elementor-section-items-stretch elementor-section-content-middle elementor-reverse-mobile elementor-section-height-default\" data-id=\"93d1112\" data-element_type=\"section\" data-settings=\"{&quot;background_background&quot;:&quot;classic&quot;}\">\n\t\t\t\t\t\t<div class=\"elementor-container elementor-column-gap-no\">\n\t\t\t\t\t<div class=\"elementor-column elementor-col-50 elementor-top-column elementor-element elementor-element-6a3ff301\" data-id=\"6a3ff301\" data-element_type=\"column\" data-settings=\"{&quot;background_background&quot;:&quot;classic&quot;}\">\n\t\t\t<div class=\"elementor-widget-wrap elementor-element-populated\">\n\t\t\t\t\t<div class=\"elementor-background-overlay\"><\/div>\n\t\t\t\t\t\t<div class=\"elementor-element elementor-element-5de0aa30 elementor-invisible elementor-widget elementor-widget-image\" data-id=\"5de0aa30\" data-element_type=\"widget\" data-settings=\"{&quot;_animation&quot;:&quot;fadeIn&quot;}\" data-widget_type=\"image.default\">\n\t\t\t\t<div class=\"elementor-widget-container\">\n\t\t\t\t\t\t\t\t\t\t\t\t<figure class=\"wp-caption\">\n\t\t\t\t\t\t\t\t\t\t<img fetchpriority=\"high\" decoding=\"async\" width=\"1707\" height=\"2560\" src=\"https:\/\/michellemarieweddings.de\/wp-content\/uploads\/2025\/01\/Pia-Schmeling_MichelleMarie-Weddings_Wedding-Planning_Wedding-Design_Frankfurt_Germany-scaled.jpg\" class=\"attachment-full size-full wp-image-1014\" alt=\"Portrait wedding planner and designer Pia Schmeling - Frankfurt Westend, Rhein Main area\" srcset=\"https:\/\/michellemarieweddings.de\/wp-content\/uploads\/2025\/01\/Pia-Schmeling_MichelleMarie-Weddings_Wedding-Planning_Wedding-Design_Frankfurt_Germany-scaled.jpg 1707w, https:\/\/michellemarieweddings.de\/wp-content\/uploads\/2025\/01\/Pia-Schmeling_MichelleMarie-Weddings_Wedding-Planning_Wedding-Design_Frankfurt_Germany-200x300.jpg 200w, https:\/\/michellemarieweddings.de\/wp-content\/uploads\/2025\/01\/Pia-Schmeling_MichelleMarie-Weddings_Wedding-Planning_Wedding-Design_Frankfurt_Germany-683x1024.jpg 683w, https:\/\/michellemarieweddings.de\/wp-content\/uploads\/2025\/01\/Pia-Schmeling_MichelleMarie-Weddings_Wedding-Planning_Wedding-Design_Frankfurt_Germany-768x1152.jpg 768w, https:\/\/michellemarieweddings.de\/wp-content\/uploads\/2025\/01\/Pia-Schmeling_MichelleMarie-Weddings_Wedding-Planning_Wedding-Design_Frankfurt_Germany-1024x1536.jpg 1024w, https:\/\/michellemarieweddings.de\/wp-content\/uploads\/2025\/01\/Pia-Schmeling_MichelleMarie-Weddings_Wedding-Planning_Wedding-Design_Frankfurt_Germany-1365x2048.jpg 1365w\" sizes=\"(max-width: 1707px) 100vw, 1707px\" \/>\t\t\t\t\t\t\t\t\t\t\t<figcaption class=\"widget-image-caption wp-caption-text\"><\/figcaption>\n\t\t\t\t\t\t\t\t\t\t<\/figure>\n\t\t\t\t\t\t\t\t\t<\/div>\n\t\t\t\t<\/div>\n\t\t\t\t\t<\/div>\n\t\t<\/div>\n\t\t\t\t<div class=\"elementor-column elementor-col-50 elementor-top-column elementor-element elementor-element-b91c2da\" data-id=\"b91c2da\" data-element_type=\"column\">\n\t\t\t<div class=\"elementor-widget-wrap elementor-element-populated\">\n\t\t\t\t\t\t<div class=\"elementor-element elementor-element-3d39a442 elementor-invisible elementor-widget elementor-widget-heading\" data-id=\"3d39a442\" data-element_type=\"widget\" data-settings=\"{&quot;_animation&quot;:&quot;fadeIn&quot;}\" data-widget_type=\"heading.default\">\n\t\t\t\t<div class=\"elementor-widget-container\">\n\t\t\t\t\t<h1 class=\"elementor-heading-title elementor-size-default\">About me as a wedding planner &amp; designer<\/h1>\t\t\t\t<\/div>\n\t\t\t\t<\/div>\n\t\t\t\t<div class=\"elementor-element elementor-element-a2efa39 elementor-invisible elementor-widget elementor-widget-heading\" data-id=\"a2efa39\" data-element_type=\"widget\" data-settings=\"{&quot;_animation&quot;:&quot;fadeIn&quot;}\" data-widget_type=\"heading.default\">\n\t\t\t\t<div class=\"elementor-widget-container\">\n\t\t\t\t\t<h2 class=\"elementor-heading-title elementor-size-default\">Ethereal romance with refined elegance for a wedding beyond compare!<\/h2>\t\t\t\t<\/div>\n\t\t\t\t<\/div>\n\t\t\t\t<div class=\"elementor-element elementor-element-26c16333 elementor-widget elementor-widget-text-editor\" data-id=\"26c16333\" data-element_type=\"widget\" data-widget_type=\"text-editor.default\">\n\t\t\t\t<div class=\"elementor-widget-container\">\n\t\t\t\t\t\t\t\t\t<p>My name is Pia Schmeling and I am delighted that you have found me!<\/p><p>MichelleMarie - A fleeting utterance from a former client of mine became a meaningful name for me, which captures for me the spirit of ethereal lightness, infinite romance and refined elegance.<\/p><p>If this resonates with you, you're in the right place to plan a beautifully curated start to your life together.\u00a0<\/p><p>To me, wedding planning and design not only means following my heart to do the work I enjoy, but also follow my calling to make people happy with my skills. Bringing unrealized dreams to life is where I find my deepest meaning!<\/p><p>I listen to you with patience and read between the lines what connects you, moves you and has great meaning in order to make your vision of the wedding you have always dreamed of come true.<\/p><p>Your peace of mind is my priority. Clear, honest guidance on investment, resources, and logistics ensures that your journey remains effortless and leads to a result that surpasses your highest expectations.\u00a0<\/p><p>I aim to provide a seamless and blissful journey, where you are involved as much as necessary and as little as possible, allowing you to fully enjoy your precious time.<\/p><p>My expertise as a designer and my passion for stylish and high quality decoration, combines perfectly with my practical experience in organizing professional events and private parties as well as several years of experience in direct customer service with VVIPs in Dubai.\u00a0<\/p><p>Drawing on my experience serving VVIPs in Dubai, I have learned the true value of discretion and foresight. I plan every event with a deep sense of responsibility, ensuring your investment is handled with the care and sensitivity it deserves to create a truly seemless celebration.<\/p><p>Look forward with me to a heartfelt wedding planning experience, filled with joy, extraordinary highlights, and refined details that make for a wedding beyond compare.<\/p>\t\t\t\t\t\t\t\t<\/div>\n\t\t\t\t<\/div>\n\t\t\t\t\t<\/div>\n\t\t<\/div>\n\t\t\t\t\t<\/div>\n\t\t<\/section>\n\t\t\t\t<section class=\"elementor-section elementor-top-section elementor-element elementor-element-3df39b36 elementor-section-full_width elementor-section-height-min-height elementor-section-items-stretch elementor-section-content-middle elementor-section-height-default\" data-id=\"3df39b36\" data-element_type=\"section\" data-settings=\"{&quot;background_background&quot;:&quot;classic&quot;}\">\n\t\t\t\t\t\t<div class=\"elementor-container elementor-column-gap-no\">\n\t\t\t\t\t<div class=\"elementor-column elementor-col-50 elementor-top-column elementor-element elementor-element-14bf7f2c\" data-id=\"14bf7f2c\" data-element_type=\"column\">\n\t\t\t<div class=\"elementor-widget-wrap elementor-element-populated\">\n\t\t\t\t\t\t<div class=\"elementor-element elementor-element-613bd63e elementor-widget__width-initial elementor-invisible elementor-widget elementor-widget-heading\" data-id=\"613bd63e\" data-element_type=\"widget\" data-settings=\"{&quot;_animation&quot;:&quot;fadeIn&quot;}\" data-widget_type=\"heading.default\">\n\t\t\t\t<div class=\"elementor-widget-container\">\n\t\t\t\t\t<h2 class=\"elementor-heading-title elementor-size-default\">My mission as a wedding planner and designer:<\/h2>\t\t\t\t<\/div>\n\t\t\t\t<\/div>\n\t\t\t\t<div class=\"elementor-element elementor-element-762a7d3 elementor-invisible elementor-widget elementor-widget-heading\" data-id=\"762a7d3\" data-element_type=\"widget\" data-settings=\"{&quot;_animation&quot;:&quot;fadeIn&quot;}\" data-widget_type=\"heading.default\">\n\t\t\t\t<div class=\"elementor-widget-container\">\n\t\t\t\t\t<h3 class=\"elementor-heading-title elementor-size-default\">Incomparably curated dream weddings<br> that set new standards!<\/h3>\t\t\t\t<\/div>\n\t\t\t\t<\/div>\n\t\t\t\t\t<\/div>\n\t\t<\/div>\n\t\t\t\t<div class=\"elementor-column elementor-col-50 elementor-top-column elementor-element elementor-element-40d1789c\" data-id=\"40d1789c\" data-element_type=\"column\" data-settings=\"{&quot;background_background&quot;:&quot;classic&quot;}\">\n\t\t\t<div class=\"elementor-widget-wrap elementor-element-populated\">\n\t\t\t\t\t\t<div class=\"elementor-element elementor-element-77168ce elementor-widget__width-initial elementor-invisible elementor-widget elementor-widget-image\" data-id=\"77168ce\" data-element_type=\"widget\" data-settings=\"{&quot;_animation&quot;:&quot;fadeIn&quot;}\" data-widget_type=\"image.default\">\n\t\t\t\t<div class=\"elementor-widget-container\">\n\t\t\t\t\t\t\t\t\t\t\t\t\t\t\t<img decoding=\"async\" width=\"1365\" height=\"2048\" src=\"https:\/\/michellemarieweddings.de\/wp-content\/uploads\/2025\/09\/Tischdekoration-mit-Menuekarte-Hochzeit-MichelleMarie-Weddings_Rina-Radtke-Photography-1365x2048.jpg\" class=\"attachment-2048x2048 size-2048x2048 wp-image-1729\" alt=\"Table decoration with menu card wedding - fine wedding decoration - exclusive wedding design that makes all eyes shine - gold cutlery elegant napkins elegant glasses - pastel wedding decoration - pastel colors for your wedding - soft colors for a romantic wedding like in a fairy tale - fairytale wedding - modern fairytale wedding - castle wedding - dreamlike floral decoration - opulent floral decoration at wedding - elegant table decoration - royal celebration - location with castle character - high-quality wedding design - tailor-made weddings - weddings that set new standards - Sissi wedding- Wedding Planning and Design - MichelleMarie Weddings - Pia Schmeling - Frankfurt-Mainz-Wiesbaden-Taunus-Darmstadt-Rhein-Main-Hessen-Germany-wide - Wedding Planning and Wedding Design from a single source - Wedding highlights that will inspire you and your guests - be a guest at your own wedding - Master of Ceremonies - Weddingday Manager - overall planning - partial planning - location scout - wedding stationery Astrid Scharly - wedding invitations - menu cards - save the dates - thank you cards - place cards - exclusive design and highest quality - wedding floristry Blumen Koser - wedding photography Rina Radtke Photography\" srcset=\"https:\/\/michellemarieweddings.de\/wp-content\/uploads\/2025\/09\/Tischdekoration-mit-Menuekarte-Hochzeit-MichelleMarie-Weddings_Rina-Radtke-Photography-1365x2048.jpg 1365w, https:\/\/michellemarieweddings.de\/wp-content\/uploads\/2025\/09\/Tischdekoration-mit-Menuekarte-Hochzeit-MichelleMarie-Weddings_Rina-Radtke-Photography-200x300.jpg 200w, https:\/\/michellemarieweddings.de\/wp-content\/uploads\/2025\/09\/Tischdekoration-mit-Menuekarte-Hochzeit-MichelleMarie-Weddings_Rina-Radtke-Photography-683x1024.jpg 683w, https:\/\/michellemarieweddings.de\/wp-content\/uploads\/2025\/09\/Tischdekoration-mit-Menuekarte-Hochzeit-MichelleMarie-Weddings_Rina-Radtke-Photography-768x1152.jpg 768w, https:\/\/michellemarieweddings.de\/wp-content\/uploads\/2025\/09\/Tischdekoration-mit-Menuekarte-Hochzeit-MichelleMarie-Weddings_Rina-Radtke-Photography-1024x1536.jpg 1024w, https:\/\/michellemarieweddings.de\/wp-content\/uploads\/2025\/09\/Tischdekoration-mit-Menuekarte-Hochzeit-MichelleMarie-Weddings_Rina-Radtke-Photography-scaled.jpg 1707w\" sizes=\"(max-width: 1365px) 100vw, 1365px\" \/>\t\t\t\t\t\t\t\t\t\t\t\t\t\t\t<\/div>\n\t\t\t\t<\/div>\n\t\t\t\t\t<\/div>\n\t\t<\/div>\n\t\t\t\t\t<\/div>\n\t\t<\/section>\n\t\t\t\t<section class=\"elementor-section elementor-top-section elementor-element elementor-element-11df54a0 elementor-section-height-min-height elementor-section-content-middle elementor-section-boxed elementor-section-height-default elementor-section-items-middle\" data-id=\"11df54a0\" data-element_type=\"section\" data-settings=\"{&quot;background_background&quot;:&quot;classic&quot;}\">\n\t\t\t\t\t\t<div class=\"elementor-container elementor-column-gap-no\">\n\t\t\t\t\t<div class=\"elementor-column elementor-col-100 elementor-top-column elementor-element elementor-element-2cde8e31\" data-id=\"2cde8e31\" data-element_type=\"column\">\n\t\t\t<div class=\"elementor-widget-wrap elementor-element-populated\">\n\t\t\t\t\t\t<div class=\"elementor-element elementor-element-68676f2c elementor-widget-mobile__width-initial elementor-widget elementor-widget-testimonial\" data-id=\"68676f2c\" data-element_type=\"widget\" data-widget_type=\"testimonial.default\">\n\t\t\t\t<div class=\"elementor-widget-container\">\n\t\t\t\t\t\t\t<div class=\"elementor-testimonial-wrapper\">\n\t\t\t\t\t\t\t<div class=\"elementor-testimonial-content\">\"Happiness is the only thing that doubles when you share it.\"<br>\n- Albert Schweitzer - <\/div>\n\t\t\t\n\t\t\t\t\t<\/div>\n\t\t\t\t\t\t<\/div>\n\t\t\t\t<\/div>\n\t\t\t\t\t<\/div>\n\t\t<\/div>\n\t\t\t\t\t<\/div>\n\t\t<\/section>\n\t\t\t\t<\/div>","protected":false},"excerpt":{"rendered":"<p>\u00dcber mich als Wedding Planner &amp; Designer unbeschwerte Romantik mit stilvoller Eleganz! Mein Name ist Pia Schmeling und ich freue mich, dass ihr zu mir gefunden habt! MichelleMarie &#8211; Aus einem fl\u00fcchtigen Ausspruch eines ehemaligen Kunden von mir, wurde ein f\u00fcr mich bedeutungsvoller Name, mit dem ich das Gef\u00fchl von Unbeschwerter Leichtigkeit, grenzenloser Romantik und [&hellip;]<\/p>\n","protected":false},"author":1,"featured_media":0,"parent":0,"menu_order":0,"comment_status":"closed","ping_status":"closed","template":"elementor_header_footer","meta":{"footnotes":""},"class_list":["post-93","page","type-page","status-publish","hentry"],"_links":{"self":[{"href":"https:\/\/michellemarieweddings.de\/en\/wp-json\/wp\/v2\/pages\/93","targetHints":{"allow":["GET"]}}],"collection":[{"href":"https:\/\/michellemarieweddings.de\/en\/wp-json\/wp\/v2\/pages"}],"about":[{"href":"https:\/\/michellemarieweddings.de\/en\/wp-json\/wp\/v2\/types\/page"}],"author":[{"embeddable":true,"href":"https:\/\/michellemarieweddings.de\/en\/wp-json\/wp\/v2\/users\/1"}],"replies":[{"embeddable":true,"href":"https:\/\/michellemarieweddings.de\/en\/wp-json\/wp\/v2\/comments?post=93"}],"version-history":[{"count":10,"href":"https:\/\/michellemarieweddings.de\/en\/wp-json\/wp\/v2\/pages\/93\/revisions"}],"predecessor-version":[{"id":1979,"href":"https:\/\/michellemarieweddings.de\/en\/wp-json\/wp\/v2\/pages\/93\/revisions\/1979"}],"wp:attachment":[{"href":"https:\/\/michellemarieweddings.de\/en\/wp-json\/wp\/v2\/media?parent=93"}],"curies":[{"name":"wp","href":"https:\/\/api.w.org\/{rel}","templated":true}]}}