{"id":871,"date":"2024-09-14T20:38:16","date_gmt":"2024-09-14T18:38:16","guid":{"rendered":"https:\/\/michellemarieweddings.de\/?page_id=871"},"modified":"2025-12-15T18:43:21","modified_gmt":"2025-12-15T17:43:21","slug":"master-of-ceremonies","status":"publish","type":"page","link":"https:\/\/michellemarieweddings.de\/en\/master-of-ceremonies\/","title":{"rendered":"The Wedding Day Manager"},"content":{"rendered":"<div data-elementor-type=\"wp-page\" data-elementor-id=\"871\" class=\"elementor elementor-871\" data-elementor-post-type=\"page\">\n\t\t\t\t\t\t<section class=\"elementor-section elementor-top-section elementor-element elementor-element-61ce95a7 elementor-section-height-min-height elementor-section-items-stretch elementor-section-content-middle elementor-section-boxed elementor-section-height-default\" data-id=\"61ce95a7\" data-element_type=\"section\" data-settings=\"{&quot;background_background&quot;:&quot;classic&quot;}\">\n\t\t\t\t\t\t<div class=\"elementor-container elementor-column-gap-no\">\n\t\t\t\t\t<div class=\"elementor-column elementor-col-100 elementor-top-column elementor-element elementor-element-2e80ec9c\" data-id=\"2e80ec9c\" data-element_type=\"column\">\n\t\t\t<div class=\"elementor-widget-wrap elementor-element-populated\">\n\t\t\t\t\t\t<div class=\"elementor-element elementor-element-53f77d38 elementor-invisible elementor-widget elementor-widget-heading\" data-id=\"53f77d38\" data-element_type=\"widget\" data-settings=\"{&quot;_animation&quot;:&quot;fadeIn&quot;}\" data-widget_type=\"heading.default\">\n\t\t\t\t<div class=\"elementor-widget-container\">\n\t\t\t\t\t<h1 class=\"elementor-heading-title elementor-size-default\">The Wedding Day Manager<\/h1>\t\t\t\t<\/div>\n\t\t\t\t<\/div>\n\t\t\t\t\t<\/div>\n\t\t<\/div>\n\t\t\t\t\t<\/div>\n\t\t<\/section>\n\t\t\t\t<section class=\"elementor-section elementor-top-section elementor-element elementor-element-25757ec elementor-section-full_width elementor-section-height-min-height elementor-section-items-stretch elementor-section-content-middle elementor-section-height-default\" data-id=\"25757ec\" data-element_type=\"section\">\n\t\t\t\t\t\t<div class=\"elementor-container elementor-column-gap-no\">\n\t\t\t\t\t<div class=\"elementor-column elementor-col-50 elementor-top-column elementor-element elementor-element-752a230f\" data-id=\"752a230f\" data-element_type=\"column\" data-settings=\"{&quot;background_background&quot;:&quot;classic&quot;}\">\n\t\t\t<div class=\"elementor-widget-wrap elementor-element-populated\">\n\t\t\t\t\t\t<div class=\"elementor-element elementor-element-3ed53c69 elementor-invisible elementor-widget elementor-widget-image\" data-id=\"3ed53c69\" data-element_type=\"widget\" data-settings=\"{&quot;_animation&quot;:&quot;fadeIn&quot;}\" data-widget_type=\"image.default\">\n\t\t\t\t<div class=\"elementor-widget-container\">\n\t\t\t\t\t\t\t\t\t\t\t\t\t\t\t<img fetchpriority=\"high\" decoding=\"async\" width=\"1707\" height=\"2560\" src=\"https:\/\/michellemarieweddings.de\/wp-content\/uploads\/2025\/01\/Pia-Schmeling_MichelleMarie-Weddings_Hochzeitsplanung-Design_Frankfurt-scaled.jpg\" class=\"attachment-full size-full wp-image-1008\" alt=\"Wedding Planner checking table setup - Wedding Design Frankfurt, Rhein Main, Germany\" srcset=\"https:\/\/michellemarieweddings.de\/wp-content\/uploads\/2025\/01\/Pia-Schmeling_MichelleMarie-Weddings_Hochzeitsplanung-Design_Frankfurt-scaled.jpg 1707w, https:\/\/michellemarieweddings.de\/wp-content\/uploads\/2025\/01\/Pia-Schmeling_MichelleMarie-Weddings_Hochzeitsplanung-Design_Frankfurt-200x300.jpg 200w, https:\/\/michellemarieweddings.de\/wp-content\/uploads\/2025\/01\/Pia-Schmeling_MichelleMarie-Weddings_Hochzeitsplanung-Design_Frankfurt-683x1024.jpg 683w, https:\/\/michellemarieweddings.de\/wp-content\/uploads\/2025\/01\/Pia-Schmeling_MichelleMarie-Weddings_Hochzeitsplanung-Design_Frankfurt-768x1152.jpg 768w, https:\/\/michellemarieweddings.de\/wp-content\/uploads\/2025\/01\/Pia-Schmeling_MichelleMarie-Weddings_Hochzeitsplanung-Design_Frankfurt-1024x1536.jpg 1024w, https:\/\/michellemarieweddings.de\/wp-content\/uploads\/2025\/01\/Pia-Schmeling_MichelleMarie-Weddings_Hochzeitsplanung-Design_Frankfurt-1365x2048.jpg 1365w\" sizes=\"(max-width: 1707px) 100vw, 1707px\" \/>\t\t\t\t\t\t\t\t\t\t\t\t\t\t\t<\/div>\n\t\t\t\t<\/div>\n\t\t\t\t\t<\/div>\n\t\t<\/div>\n\t\t\t\t<div class=\"elementor-column elementor-col-50 elementor-top-column elementor-element elementor-element-4d18c374\" data-id=\"4d18c374\" data-element_type=\"column\">\n\t\t\t<div class=\"elementor-widget-wrap elementor-element-populated\">\n\t\t\t\t\t\t<div class=\"elementor-element elementor-element-36e2da68 elementor-widget-mobile__width-initial elementor-invisible elementor-widget elementor-widget-heading\" data-id=\"36e2da68\" data-element_type=\"widget\" data-settings=\"{&quot;_animation&quot;:&quot;fadeIn&quot;}\" data-widget_type=\"heading.default\">\n\t\t\t\t<div class=\"elementor-widget-container\">\n\t\t\t\t\t<h1 class=\"elementor-heading-title elementor-size-default\">Simply relax and enjoy your wedding day as a couple!<\/h1>\t\t\t\t<\/div>\n\t\t\t\t<\/div>\n\t\t\t\t<div class=\"elementor-element elementor-element-252495b3 elementor-invisible elementor-widget elementor-widget-heading\" data-id=\"252495b3\" data-element_type=\"widget\" data-settings=\"{&quot;_animation&quot;:&quot;fadeIn&quot;,&quot;_animation_delay&quot;:&quot;200&quot;}\" data-widget_type=\"heading.default\">\n\t\t\t\t<div class=\"elementor-widget-container\">\n\t\t\t\t\t<h2 class=\"elementor-heading-title elementor-size-default\">Simply hand over responsibility for coordinating your big day with all the associated tasks. <\/h2>\t\t\t\t<\/div>\n\t\t\t\t<\/div>\n\t\t\t\t<div class=\"elementor-element elementor-element-2be19458 elementor-widget elementor-widget-text-editor\" data-id=\"2be19458\" data-element_type=\"widget\" data-widget_type=\"text-editor.default\">\n\t\t\t\t<div class=\"elementor-widget-container\">\n\t\t\t\t\t\t\t\t\t<p>\u00a0<\/p><p>After a long period of planning, the day has finally arrived. Your wedding day!\u00a0<\/p><p>But how does it feel for you when you know in advance that your wedding is going to be a spectacular event with so many details that need to be taken care of and you're already stressed just thinking about how you're going to manage it all? Maybe you're secretly holding your breath that your best man and parents will somehow \u201emanage\u201c it?\u00a0<\/p><p>It's a bit like playing Russian roulette, isn't it?\u00a0<\/p><p>After all, you are celebrating the beginning of your life together as a married couple. And this should be as relaxed and full of wonderful memories as possible.<\/p><p>Bear in mind the extensive coordination and good timing required of you and your guests and do not underestimate this.<\/p>\t\t\t\t\t\t\t\t<\/div>\n\t\t\t\t<\/div>\n\t\t\t\t\t<\/div>\n\t\t<\/div>\n\t\t\t\t\t<\/div>\n\t\t<\/section>\n\t\t\t\t<section class=\"elementor-section elementor-top-section elementor-element elementor-element-7f0c764 elementor-section-height-min-height elementor-section-items-stretch elementor-section-content-middle elementor-section-boxed elementor-section-height-default\" data-id=\"7f0c764\" data-element_type=\"section\">\n\t\t\t\t\t\t<div class=\"elementor-container elementor-column-gap-no\">\n\t\t\t\t\t<div class=\"elementor-column elementor-col-100 elementor-top-column elementor-element elementor-element-b0e36c3\" data-id=\"b0e36c3\" data-element_type=\"column\">\n\t\t\t<div class=\"elementor-widget-wrap elementor-element-populated\">\n\t\t\t\t\t\t<div class=\"elementor-element elementor-element-424813c elementor-invisible elementor-widget elementor-widget-heading\" data-id=\"424813c\" data-element_type=\"widget\" data-settings=\"{&quot;_animation&quot;:&quot;fadeIn&quot;}\" data-widget_type=\"heading.default\">\n\t\t\t\t<div class=\"elementor-widget-container\">\n\t\t\t\t\t<h2 class=\"elementor-heading-title elementor-size-default\">What challenges a wedding day brings along...<\/h2>\t\t\t\t<\/div>\n\t\t\t\t<\/div>\n\t\t\t\t<div class=\"elementor-element elementor-element-881620f elementor-invisible elementor-widget elementor-widget-heading\" data-id=\"881620f\" data-element_type=\"widget\" data-settings=\"{&quot;_animation&quot;:&quot;fadeIn&quot;,&quot;_animation_delay&quot;:&quot;200&quot;}\" data-widget_type=\"heading.default\">\n\t\t\t\t<div class=\"elementor-widget-container\">\n\t\t\t\t\t<p class=\"elementor-heading-title elementor-size-default\">...and what stress you can save yourself and your guests!<\/p>\t\t\t\t<\/div>\n\t\t\t\t<\/div>\n\t\t\t\t<div class=\"elementor-element elementor-element-3bfc53d elementor-widget elementor-widget-text-editor\" data-id=\"3bfc53d\" data-element_type=\"widget\" data-widget_type=\"text-editor.default\">\n\t\t\t\t<div class=\"elementor-widget-container\">\n\t\t\t\t\t\t\t\t\t<p><span style=\"background-color: var( --e-global-color-1fd96a61 ); color: var( --e-global-color-text ); letter-spacing: 0px;\">There are a number of challenges and many questions that need to be managed well on such a big day.\u00a0<\/span><\/p><p>A small selection would be:<\/p><ul><li>Who will make sure that the bridal bouquet is delivered on time and the bridal car is decorated, refueled and ready to go while you are getting ready or taking your first look photos and your parents are taking care of your siblings and the dog?<\/li><li>Is everything in the church or at the free wedding ceremony set up as discussed? Are the baskets ready for the flower girls, has the carpet been laid without tripping, has the wedding stationery been places accordingly and have all the candles been lit?<\/li><li>Are the service providers on site in time to set up the champagne reception? And has anyone thought about the guests with certain food allergies?<\/li><li>Did your best man pocket the rings, or did he forget them on the kitchen table at home because he was so nervous?<\/li><li>Are the tables in the location set correctly and have you thought of high chairs for small children?<\/li><li>Does anyone take care of the service providers who set up in the location?<\/li><li>Does the cake supplier know exactly where to deliver in the location?<\/li><li>Who coordinates the set-up of the sweet table, the children's play corner and the photo box?<\/li><li>Who takes care of the guests if they have questions about the hotel check-in process, luggage storage and the parking situation?<\/li><li>\u00a0Who is the contact person for guests who have a disability and need help?<\/li><li>Who keeps an eye on the gifts and greeting cards to make sure nothing gets lost or stolen?<\/li><li>And if the weather does change unexpectedly, has anyone thought of umbrellas? What about cozy blankets to keep the guests warm?<\/li><\/ul><div>\u00a0<\/div>\t\t\t\t\t\t\t\t<\/div>\n\t\t\t\t<\/div>\n\t\t\t\t\t<\/div>\n\t\t<\/div>\n\t\t\t\t\t<\/div>\n\t\t<\/section>\n\t\t\t\t<section class=\"elementor-section elementor-top-section elementor-element elementor-element-ffc26fb elementor-section-height-min-height elementor-section-items-stretch elementor-section-content-middle elementor-section-boxed elementor-section-height-default\" data-id=\"ffc26fb\" data-element_type=\"section\">\n\t\t\t\t\t\t<div class=\"elementor-container elementor-column-gap-no\">\n\t\t\t\t\t<div class=\"elementor-column elementor-col-100 elementor-top-column elementor-element elementor-element-d176cd4\" data-id=\"d176cd4\" data-element_type=\"column\">\n\t\t\t<div class=\"elementor-widget-wrap elementor-element-populated\">\n\t\t\t\t\t\t<div class=\"elementor-element elementor-element-52f4e8f elementor-invisible elementor-widget elementor-widget-heading\" data-id=\"52f4e8f\" data-element_type=\"widget\" data-settings=\"{&quot;_animation&quot;:&quot;fadeIn&quot;}\" data-widget_type=\"heading.default\">\n\t\t\t\t<div class=\"elementor-widget-container\">\n\t\t\t\t\t<h2 class=\"elementor-heading-title elementor-size-default\">With the Wedding Day Manager  <br>you are enjoying your day feeling safe, well coordinated and taken care of... <\/h2>\t\t\t\t<\/div>\n\t\t\t\t<\/div>\n\t\t\t\t<div class=\"elementor-element elementor-element-a9238e5 elementor-invisible elementor-widget elementor-widget-heading\" data-id=\"a9238e5\" data-element_type=\"widget\" data-settings=\"{&quot;_animation&quot;:&quot;fadeIn&quot;,&quot;_animation_delay&quot;:&quot;200&quot;}\" data-widget_type=\"heading.default\">\n\t\t\t\t<div class=\"elementor-widget-container\">\n\t\t\t\t\t<p class=\"elementor-heading-title elementor-size-default\">...so that everyone can have fun and celebrate!<\/p>\t\t\t\t<\/div>\n\t\t\t\t<\/div>\n\t\t\t\t<div class=\"elementor-element elementor-element-810206f elementor-widget-divider--view-line elementor-widget elementor-widget-divider\" data-id=\"810206f\" data-element_type=\"widget\" data-widget_type=\"divider.default\">\n\t\t\t\t<div class=\"elementor-widget-container\">\n\t\t\t\t\t\t\t<div class=\"elementor-divider\">\n\t\t\t<span class=\"elementor-divider-separator\">\n\t\t\t\t\t\t<\/span>\n\t\t<\/div>\n\t\t\t\t\t\t<\/div>\n\t\t\t\t<\/div>\n\t\t\t\t<div class=\"elementor-element elementor-element-d4aa4ff elementor-widget elementor-widget-text-editor\" data-id=\"d4aa4ff\" data-element_type=\"widget\" data-widget_type=\"text-editor.default\">\n\t\t\t\t<div class=\"elementor-widget-container\">\n\t\t\t\t\t\t\t\t\t<p>The services of the Wedding Day Manager include:<\/p><ul><li>communication and coordination with the priest, the service providers and the location<\/li><li>All-day accompaniment on the wedding day<\/li><li>Coordination of the preparations in the church\/at the free wedding ceremony<\/li><li>Coordination of the set-up and service providers at the location<\/li><li>Managing the time schedule with flexibility and coordinating guest contributions<\/li><li>serving as reliable contact person for you and your guests<\/li><\/ul>\t\t\t\t\t\t\t\t<\/div>\n\t\t\t\t<\/div>\n\t\t\t\t\t<\/div>\n\t\t<\/div>\n\t\t\t\t\t<\/div>\n\t\t<\/section>\n\t\t<div class=\"elementor-element elementor-element-75d8c39 e-flex e-con-boxed e-con e-parent\" data-id=\"75d8c39\" data-element_type=\"container\" data-settings=\"{&quot;background_background&quot;:&quot;gradient&quot;}\">\n\t\t\t\t\t<div class=\"e-con-inner\">\n\t\t\t\t<div class=\"elementor-element elementor-element-32b41ab elementor-widget elementor-widget-spacer\" data-id=\"32b41ab\" data-element_type=\"widget\" data-widget_type=\"spacer.default\">\n\t\t\t\t<div class=\"elementor-widget-container\">\n\t\t\t\t\t\t\t<div class=\"elementor-spacer\">\n\t\t\t<div class=\"elementor-spacer-inner\"><\/div>\n\t\t<\/div>\n\t\t\t\t\t\t<\/div>\n\t\t\t\t<\/div>\n\t\t\t\t\t<\/div>\n\t\t\t\t<\/div>\n\t\t\t\t<section class=\"elementor-section elementor-top-section elementor-element elementor-element-3cc8aaa5 elementor-section-full_width elementor-section-height-min-height elementor-section-items-stretch elementor-section-content-middle elementor-reverse-mobile elementor-section-height-default\" data-id=\"3cc8aaa5\" data-element_type=\"section\">\n\t\t\t\t\t\t<div class=\"elementor-container elementor-column-gap-no\">\n\t\t\t\t\t<div class=\"elementor-column elementor-col-50 elementor-top-column elementor-element elementor-element-3245aba9\" data-id=\"3245aba9\" data-element_type=\"column\">\n\t\t\t<div class=\"elementor-widget-wrap elementor-element-populated\">\n\t\t\t\t\t\t<div class=\"elementor-element elementor-element-77cd8e03 elementor-invisible elementor-widget elementor-widget-heading\" data-id=\"77cd8e03\" data-element_type=\"widget\" data-settings=\"{&quot;_animation&quot;:&quot;fadeIn&quot;}\" data-widget_type=\"heading.default\">\n\t\t\t\t<div class=\"elementor-widget-container\">\n\t\t\t\t\t<h2 class=\"elementor-heading-title elementor-size-default\">Why I recommend the Wedding Day Manager?<\/h2>\t\t\t\t<\/div>\n\t\t\t\t<\/div>\n\t\t\t\t<div class=\"elementor-element elementor-element-14718b51 elementor-widget elementor-widget-text-editor\" data-id=\"14718b51\" data-element_type=\"widget\" data-widget_type=\"text-editor.default\">\n\t\t\t\t<div class=\"elementor-widget-container\">\n\t\t\t\t\t\t\t\t\t<p>The wedding day manager is the great support you need on the day of your wedding. After months of planning, the wedding day manager ensures that everything is carried out as planned.<\/p><p>\u00a0With the day's schedule in mind the wedding day manager pulls all the strings with the right amount of calm and flexibility, handles challenges and solves problems. This service contributes to a relaxed and beautiful dream wedding that will mark the perfect start for your marriage and will be the precious memory that will be remembered forever.\u00a0<\/p><p>So why should you not commit to controlling and managing everything on your big day?  \nBecause this is not your job, nor is it the job of your best man and family. They should not take on the role of a service provider and the responsibility that comes with it.\u00a0<\/p><p>All you should do on your wedding day is:<\/p><p>sit back, relax and enjoy.\u00a0<\/p><p>A day that belongs only to you!\u00a0<\/p><p>Let us celebrate and spoil you.\u00a0<\/p><p>Looking back, you won't regret getting professional support to make the most of the day.<\/p><p>What you will definitely regret, however, is rushing through the day stressed out and missing the small and big moments of happiness with your partner and your guests that cannot be brought back. \n\nThis time is priceless!<\/p>\t\t\t\t\t\t\t\t<\/div>\n\t\t\t\t<\/div>\n\t\t\t\t\t<\/div>\n\t\t<\/div>\n\t\t\t\t<div class=\"elementor-column elementor-col-50 elementor-top-column elementor-element elementor-element-18d60c2a\" data-id=\"18d60c2a\" data-element_type=\"column\" data-settings=\"{&quot;background_background&quot;:&quot;classic&quot;}\">\n\t\t\t<div class=\"elementor-widget-wrap elementor-element-populated\">\n\t\t\t\t\t\t<div class=\"elementor-element elementor-element-6eb3dabb elementor-invisible elementor-widget elementor-widget-image\" data-id=\"6eb3dabb\" data-element_type=\"widget\" data-settings=\"{&quot;_animation&quot;:&quot;fadeIn&quot;}\" data-widget_type=\"image.default\">\n\t\t\t\t<div class=\"elementor-widget-container\">\n\t\t\t\t\t\t\t\t\t\t\t\t\t\t\t<img decoding=\"async\" width=\"1707\" height=\"2560\" src=\"https:\/\/michellemarieweddings.de\/wp-content\/uploads\/2025\/09\/Weddingcouple-with-Acrobat-pouring-Champagne_Zerina-Kaps-Photography-scaled.jpg\" class=\"attachment-full size-full wp-image-1620\" alt=\"Acrobat pouring champagne into glass of groom and bride - special moment wedding - creative ideas for wedding entertainment - MichelleMarie Weddings - Wedding Planning - Pia Schmeling - Frankfurt-Rhein-Main-Hesse-Germany\" srcset=\"https:\/\/michellemarieweddings.de\/wp-content\/uploads\/2025\/09\/Weddingcouple-with-Acrobat-pouring-Champagne_Zerina-Kaps-Photography-scaled.jpg 1707w, https:\/\/michellemarieweddings.de\/wp-content\/uploads\/2025\/09\/Weddingcouple-with-Acrobat-pouring-Champagne_Zerina-Kaps-Photography-200x300.jpg 200w, https:\/\/michellemarieweddings.de\/wp-content\/uploads\/2025\/09\/Weddingcouple-with-Acrobat-pouring-Champagne_Zerina-Kaps-Photography-683x1024.jpg 683w, https:\/\/michellemarieweddings.de\/wp-content\/uploads\/2025\/09\/Weddingcouple-with-Acrobat-pouring-Champagne_Zerina-Kaps-Photography-768x1152.jpg 768w, https:\/\/michellemarieweddings.de\/wp-content\/uploads\/2025\/09\/Weddingcouple-with-Acrobat-pouring-Champagne_Zerina-Kaps-Photography-1024x1536.jpg 1024w, https:\/\/michellemarieweddings.de\/wp-content\/uploads\/2025\/09\/Weddingcouple-with-Acrobat-pouring-Champagne_Zerina-Kaps-Photography-1365x2048.jpg 1365w\" sizes=\"(max-width: 1707px) 100vw, 1707px\" \/>\t\t\t\t\t\t\t\t\t\t\t\t\t\t\t<\/div>\n\t\t\t\t<\/div>\n\t\t\t\t\t<\/div>\n\t\t<\/div>\n\t\t\t\t\t<\/div>\n\t\t<\/section>\n\t\t\t\t<section class=\"elementor-section elementor-top-section elementor-element elementor-element-45406589 elementor-section-height-min-height elementor-section-full_width elementor-section-items-stretch elementor-section-content-middle elementor-section-height-default\" data-id=\"45406589\" data-element_type=\"section\" data-settings=\"{&quot;background_background&quot;:&quot;classic&quot;}\">\n\t\t\t\t\t\t<div class=\"elementor-container elementor-column-gap-no\">\n\t\t\t\t\t<div class=\"elementor-column elementor-col-50 elementor-top-column elementor-element elementor-element-8f85df4\" data-id=\"8f85df4\" data-element_type=\"column\" data-settings=\"{&quot;background_background&quot;:&quot;classic&quot;}\">\n\t\t\t<div class=\"elementor-widget-wrap elementor-element-populated\">\n\t\t\t\t\t\t<div class=\"elementor-element elementor-element-f27f542 elementor-widget elementor-widget-heading\" data-id=\"f27f542\" data-element_type=\"widget\" data-widget_type=\"heading.default\">\n\t\t\t\t<div class=\"elementor-widget-container\">\n\t\t\t\t\t<h2 class=\"elementor-heading-title elementor-size-default\">Get in touch<\/h2>\t\t\t\t<\/div>\n\t\t\t\t<\/div>\n\t\t\t\t<div class=\"elementor-element elementor-element-51c858a2 elementor-widget elementor-widget-text-editor\" data-id=\"51c858a2\" data-element_type=\"widget\" data-widget_type=\"text-editor.default\">\n\t\t\t\t<div class=\"elementor-widget-container\">\n\t\t\t\t\t\t\t\t\t<p>Let's talk about how I can best support you as your Wedding Day Manager to make for a memorable celebration.\u00a0<\/p>\t\t\t\t\t\t\t\t<\/div>\n\t\t\t\t<\/div>\n\t\t\t\t<div class=\"elementor-element elementor-element-266bf572 elementor-align-center elementor-widget elementor-widget-button\" data-id=\"266bf572\" data-element_type=\"widget\" data-widget_type=\"button.default\">\n\t\t\t\t<div class=\"elementor-widget-container\">\n\t\t\t\t\t\t\t\t\t<div class=\"elementor-button-wrapper\">\n\t\t\t\t\t<a class=\"elementor-button elementor-button-link elementor-size-sm elementor-animation-hang\" href=\"https:\/\/tally.so\/r\/eqQ9bq?lang=en\" target=\"_blank\" rel=\"noopener\">\n\t\t\t\t\t\t<span class=\"elementor-button-content-wrapper\">\n\t\t\t\t\t\t\t\t\t<span class=\"elementor-button-text\">For a free consultation \u27f6<\/span>\n\t\t\t\t\t<\/span>\n\t\t\t\t\t<\/a>\n\t\t\t\t<\/div>\n\t\t\t\t\t\t\t\t<\/div>\n\t\t\t\t<\/div>\n\t\t\t\t\t<\/div>\n\t\t<\/div>\n\t\t\t\t<div class=\"elementor-column elementor-col-50 elementor-top-column elementor-element elementor-element-bd80bd4 elementor-hidden-mobile\" data-id=\"bd80bd4\" data-element_type=\"column\" data-settings=\"{&quot;background_background&quot;:&quot;classic&quot;}\">\n\t\t\t<div class=\"elementor-widget-wrap elementor-element-populated\">\n\t\t\t\t\t\t<div class=\"elementor-element elementor-element-6db5241b elementor-widget elementor-widget-spacer\" data-id=\"6db5241b\" data-element_type=\"widget\" data-widget_type=\"spacer.default\">\n\t\t\t\t<div class=\"elementor-widget-container\">\n\t\t\t\t\t\t\t<div class=\"elementor-spacer\">\n\t\t\t<div class=\"elementor-spacer-inner\"><\/div>\n\t\t<\/div>\n\t\t\t\t\t\t<\/div>\n\t\t\t\t<\/div>\n\t\t\t\t\t<\/div>\n\t\t<\/div>\n\t\t\t\t\t<\/div>\n\t\t<\/section>\n\t\t<div class=\"elementor-element elementor-element-909ddc5 e-flex e-con-boxed e-con e-parent\" data-id=\"909ddc5\" data-element_type=\"container\">\n\t\t\t\t\t<div class=\"e-con-inner\">\n\t\t\t\t\t<\/div>\n\t\t\t\t<\/div>\n\t\t\t\t<\/div>","protected":false},"excerpt":{"rendered":"<p>Der Zeremonienmeister Den Hochzeitstag einfach entspannt als Paar genie\u00dfen! Die Verantwortung f\u00fcr die Koordination eures gro\u00dfen Tag mit allen verbundenen Aufgaben einfach abgeben. \u00a0 Nach langer Planung ist der Tag endlich da. Euer Hochzeitstag!\u00a0 Doch wie f\u00fchlt es sich f\u00fcr euch an, wenn ihr vorher schon wisst, eure Hochzeit wird ein spektakul\u00e4res Event werden, mit [&hellip;]<\/p>\n","protected":false},"author":1,"featured_media":0,"parent":0,"menu_order":0,"comment_status":"closed","ping_status":"closed","template":"elementor_header_footer","meta":{"footnotes":""},"class_list":["post-871","page","type-page","status-publish","hentry"],"_links":{"self":[{"href":"https:\/\/michellemarieweddings.de\/en\/wp-json\/wp\/v2\/pages\/871","targetHints":{"allow":["GET"]}}],"collection":[{"href":"https:\/\/michellemarieweddings.de\/en\/wp-json\/wp\/v2\/pages"}],"about":[{"href":"https:\/\/michellemarieweddings.de\/en\/wp-json\/wp\/v2\/types\/page"}],"author":[{"embeddable":true,"href":"https:\/\/michellemarieweddings.de\/en\/wp-json\/wp\/v2\/users\/1"}],"replies":[{"embeddable":true,"href":"https:\/\/michellemarieweddings.de\/en\/wp-json\/wp\/v2\/comments?post=871"}],"version-history":[{"count":10,"href":"https:\/\/michellemarieweddings.de\/en\/wp-json\/wp\/v2\/pages\/871\/revisions"}],"predecessor-version":[{"id":1922,"href":"https:\/\/michellemarieweddings.de\/en\/wp-json\/wp\/v2\/pages\/871\/revisions\/1922"}],"wp:attachment":[{"href":"https:\/\/michellemarieweddings.de\/en\/wp-json\/wp\/v2\/media?parent=871"}],"curies":[{"name":"wp","href":"https:\/\/api.w.org\/{rel}","templated":true}]}}