{"id":62,"date":"2024-06-05T23:58:27","date_gmt":"2024-06-05T21:58:27","guid":{"rendered":"https:\/\/michellemarieweddings.de\/leistung-2\/"},"modified":"2026-01-05T17:05:14","modified_gmt":"2026-01-05T16:05:14","slug":"partial-planning","status":"publish","type":"page","link":"https:\/\/michellemarieweddings.de\/en\/partial-planning\/","title":{"rendered":"Partial Planning"},"content":{"rendered":"<div data-elementor-type=\"wp-page\" data-elementor-id=\"62\" class=\"elementor elementor-62\" data-elementor-post-type=\"page\">\n\t\t\t\t\t\t<section class=\"elementor-section elementor-top-section elementor-element elementor-element-2c619ed8 elementor-section-height-min-height elementor-section-items-stretch elementor-section-content-middle elementor-section-boxed elementor-section-height-default\" data-id=\"2c619ed8\" data-element_type=\"section\" data-settings=\"{&quot;background_background&quot;:&quot;classic&quot;}\">\n\t\t\t\t\t\t<div class=\"elementor-container elementor-column-gap-no\">\n\t\t\t\t\t<div class=\"elementor-column elementor-col-100 elementor-top-column elementor-element elementor-element-4608ce54\" data-id=\"4608ce54\" data-element_type=\"column\">\n\t\t\t<div class=\"elementor-widget-wrap elementor-element-populated\">\n\t\t\t\t\t\t<div class=\"elementor-element elementor-element-463db76f elementor-invisible elementor-widget elementor-widget-heading\" data-id=\"463db76f\" data-element_type=\"widget\" data-settings=\"{&quot;_animation&quot;:&quot;fadeIn&quot;}\" data-widget_type=\"heading.default\">\n\t\t\t\t<div class=\"elementor-widget-container\">\n\t\t\t\t\t<h1 class=\"elementor-heading-title elementor-size-default\">Partial planning<\/h1>\t\t\t\t<\/div>\n\t\t\t\t<\/div>\n\t\t\t\t\t<\/div>\n\t\t<\/div>\n\t\t\t\t\t<\/div>\n\t\t<\/section>\n\t\t\t\t<section class=\"elementor-section elementor-top-section elementor-element elementor-element-569660fe elementor-section-full_width elementor-section-height-min-height elementor-section-items-stretch elementor-section-content-middle elementor-section-height-default\" data-id=\"569660fe\" data-element_type=\"section\">\n\t\t\t\t\t\t<div class=\"elementor-container elementor-column-gap-no\">\n\t\t\t\t\t<div class=\"elementor-column elementor-col-50 elementor-top-column elementor-element elementor-element-6b22e639\" data-id=\"6b22e639\" data-element_type=\"column\" data-settings=\"{&quot;background_background&quot;:&quot;classic&quot;}\">\n\t\t\t<div class=\"elementor-widget-wrap elementor-element-populated\">\n\t\t\t\t\t\t<div class=\"elementor-element elementor-element-46a06fcb elementor-invisible elementor-widget elementor-widget-image\" data-id=\"46a06fcb\" data-element_type=\"widget\" data-settings=\"{&quot;_animation&quot;:&quot;fadeIn&quot;}\" data-widget_type=\"image.default\">\n\t\t\t\t<div class=\"elementor-widget-container\">\n\t\t\t\t\t\t\t\t\t\t\t\t\t\t\t<img fetchpriority=\"high\" decoding=\"async\" width=\"1707\" height=\"2560\" src=\"https:\/\/michellemarieweddings.de\/wp-content\/uploads\/2025\/01\/Pia-Schmeling_MichelleMarie-Weddings_PlanningDesign-scaled.jpg\" class=\"attachment-full size-full wp-image-1010\" alt=\"Wedding planner with Ipad in hand - collection of ideas for extraordinary design and personalized weddings\" srcset=\"https:\/\/michellemarieweddings.de\/wp-content\/uploads\/2025\/01\/Pia-Schmeling_MichelleMarie-Weddings_PlanningDesign-scaled.jpg 1707w, https:\/\/michellemarieweddings.de\/wp-content\/uploads\/2025\/01\/Pia-Schmeling_MichelleMarie-Weddings_PlanningDesign-200x300.jpg 200w, https:\/\/michellemarieweddings.de\/wp-content\/uploads\/2025\/01\/Pia-Schmeling_MichelleMarie-Weddings_PlanningDesign-683x1024.jpg 683w, https:\/\/michellemarieweddings.de\/wp-content\/uploads\/2025\/01\/Pia-Schmeling_MichelleMarie-Weddings_PlanningDesign-768x1152.jpg 768w, https:\/\/michellemarieweddings.de\/wp-content\/uploads\/2025\/01\/Pia-Schmeling_MichelleMarie-Weddings_PlanningDesign-1024x1536.jpg 1024w, https:\/\/michellemarieweddings.de\/wp-content\/uploads\/2025\/01\/Pia-Schmeling_MichelleMarie-Weddings_PlanningDesign-1365x2048.jpg 1365w\" sizes=\"(max-width: 1707px) 100vw, 1707px\" \/>\t\t\t\t\t\t\t\t\t\t\t\t\t\t\t<\/div>\n\t\t\t\t<\/div>\n\t\t\t\t\t<\/div>\n\t\t<\/div>\n\t\t\t\t<div class=\"elementor-column elementor-col-50 elementor-top-column elementor-element elementor-element-382c5a25\" data-id=\"382c5a25\" data-element_type=\"column\">\n\t\t\t<div class=\"elementor-widget-wrap elementor-element-populated\">\n\t\t\t\t\t\t<div class=\"elementor-element elementor-element-559267ab elementor-invisible elementor-widget elementor-widget-heading\" data-id=\"559267ab\" data-element_type=\"widget\" data-settings=\"{&quot;_animation&quot;:&quot;fadeIn&quot;}\" data-widget_type=\"heading.default\">\n\t\t\t\t<div class=\"elementor-widget-container\">\n\t\t\t\t\t<h2 class=\"elementor-heading-title elementor-size-default\">Partial planning<br>-Support that elevates your planning and makes all the difference-<\/h2>\t\t\t\t<\/div>\n\t\t\t\t<\/div>\n\t\t\t\t<div class=\"elementor-element elementor-element-2c80e7fe elementor-invisible elementor-widget elementor-widget-heading\" data-id=\"2c80e7fe\" data-element_type=\"widget\" data-settings=\"{&quot;_animation&quot;:&quot;fadeIn&quot;,&quot;_animation_delay&quot;:&quot;200&quot;}\" data-widget_type=\"heading.default\">\n\t\t\t\t<div class=\"elementor-widget-container\">\n\t\t\t\t\t<h3 class=\"elementor-heading-title elementor-size-default\">Together we enhance what\u00b4s already there - with a spark of brilliance.<\/h3>\t\t\t\t<\/div>\n\t\t\t\t<\/div>\n\t\t\t\t<div class=\"elementor-element elementor-element-9614d76 elementor-widget elementor-widget-heading\" data-id=\"9614d76\" data-element_type=\"widget\" data-widget_type=\"heading.default\">\n\t\t\t\t<div class=\"elementor-widget-container\">\n\t\t\t\t\t<h5 class=\"elementor-heading-title elementor-size-default\">The following services are included:<\/h5>\t\t\t\t<\/div>\n\t\t\t\t<\/div>\n\t\t\t\t<div class=\"elementor-element elementor-element-48e76a5a elementor-widget elementor-widget-text-editor\" data-id=\"48e76a5a\" data-element_type=\"widget\" data-widget_type=\"text-editor.default\">\n\t\t\t\t<div class=\"elementor-widget-container\">\n\t\t\t\t\t\t\t\t\t<ul><li class=\"MsoNormal\" style=\"line-height: normal; mso-pagination: none;\"><span style=\"background-color: var( --e-global-color-1fd96a61 ); color: var( --e-global-color-text ); letter-spacing: 0px;\">Assessment - and, where needed, refinement or creation - of your budget and timeline<\/span><\/li><li class=\"MsoNormal\" style=\"line-height: normal; mso-pagination: none;\"><span lang=\"de\">Creation of a detailed wedding day itinerary<\/span><\/li><li class=\"MsoNormal\" style=\"line-height: normal; mso-pagination: none;\">Support with civil registry office and navigating any administrative requirements\u00a0<\/li><li>Church - and Locationscout including supporting communications\u00a0<\/li><li class=\"MsoNormal\" style=\"line-height: normal; mso-pagination: none;\"><span lang=\"de\">Research and commission of any remaining vendors and service providers<\/span><\/li><li class=\"MsoNormal\" style=\"line-height: normal; mso-pagination: none;\">Creative ideas for spectacular highlights and memorable moments of your wedding<\/li><li class=\"MsoNormal\" style=\"line-height: normal; mso-pagination: none;\"><span lang=\"de\">Consultation Meetings<\/span><\/li><li class=\"MsoNormal\" style=\"line-height: normal; mso-pagination: none;\"><span lang=\"de\">Professional guidance and comprehensive support throughout the planning phase<\/span><\/li><\/ul>\t\t\t\t\t\t\t\t<\/div>\n\t\t\t\t<\/div>\n\t\t\t\t\t<\/div>\n\t\t<\/div>\n\t\t\t\t\t<\/div>\n\t\t<\/section>\n\t\t\t\t<section class=\"elementor-section elementor-top-section elementor-element elementor-element-1db7fcd1 elementor-section-full_width elementor-section-height-min-height elementor-section-items-stretch elementor-section-content-middle elementor-reverse-mobile elementor-section-height-default\" data-id=\"1db7fcd1\" data-element_type=\"section\">\n\t\t\t\t\t\t<div class=\"elementor-container elementor-column-gap-no\">\n\t\t\t\t\t<div class=\"elementor-column elementor-col-50 elementor-top-column elementor-element elementor-element-18ba7978\" data-id=\"18ba7978\" data-element_type=\"column\">\n\t\t\t<div class=\"elementor-widget-wrap elementor-element-populated\">\n\t\t\t\t\t\t<div class=\"elementor-element elementor-element-1236b395 elementor-invisible elementor-widget elementor-widget-heading\" data-id=\"1236b395\" data-element_type=\"widget\" data-settings=\"{&quot;_animation&quot;:&quot;fadeIn&quot;}\" data-widget_type=\"heading.default\">\n\t\t\t\t<div class=\"elementor-widget-container\">\n\t\t\t\t\t<h2 class=\"elementor-heading-title elementor-size-default\">Why I recommend partial planning?<\/h2>\t\t\t\t<\/div>\n\t\t\t\t<\/div>\n\t\t\t\t<div class=\"elementor-element elementor-element-8218ce3 elementor-widget elementor-widget-text-editor\" data-id=\"8218ce3\" data-element_type=\"widget\" data-widget_type=\"text-editor.default\">\n\t\t\t\t<div class=\"elementor-widget-container\">\n\t\t\t\t\t\t\t\t\t<p>I recommend partial planning when...<\/p><ul><li>\u00a0you would love to be involved in planning your wedding, but some tasks simply don\u00b4t bring you joy<\/li><li>you feel more comfortable with a professional by your side, gently guiding you through the process<\/li><li>you value regular check-ins with an expert - instead of relying on family and friends when you need advice, reassurance or space to talk through your ideas<\/li><li>you don't want to spend 100+ hours of your precious time on wedding planning<\/li><li>you need balance in your life - time for your career, your relationship, your hobbies, family, vacation and everything else that matters<\/li><li>Planning a Destination Wedding in Germany feels overwhelming, especially with additional travel and logistics<\/li><li>you love Germany but the language is a barrier<\/li><li>You have many ideas, but you\u00b4re unsure how to turn them into a cohesive concept<\/li><li>You're in the middle of planning, but feel stuck, confused and unable to think clearly<\/li><li>You suffer sleepless nights because the entire planning process is overwhelming you<\/li><\/ul><div>\u00a0<\/div><div>if this sounds like  you, please get in touch!\u00a0<\/div><div>Stress, uncertainity and endless decision-making don\u00b4t have to be part of your planning journey. With the right guidance, planning becomes lighter, clearer - and genuinely enjoyable again. Let\u00b4s schedule a call and see how I can support you - no pressure, just clarity.\u00a0<\/div>\t\t\t\t\t\t\t\t<\/div>\n\t\t\t\t<\/div>\n\t\t\t\t\t<\/div>\n\t\t<\/div>\n\t\t\t\t<div class=\"elementor-column elementor-col-50 elementor-top-column elementor-element elementor-element-2dfab1b4\" data-id=\"2dfab1b4\" data-element_type=\"column\" data-settings=\"{&quot;background_background&quot;:&quot;classic&quot;}\">\n\t\t\t<div class=\"elementor-widget-wrap elementor-element-populated\">\n\t\t\t\t\t\t<div class=\"elementor-element elementor-element-4f7771e7 elementor-invisible elementor-widget elementor-widget-image\" data-id=\"4f7771e7\" data-element_type=\"widget\" data-settings=\"{&quot;_animation&quot;:&quot;fadeIn&quot;}\" data-widget_type=\"image.default\">\n\t\t\t\t<div class=\"elementor-widget-container\">\n\t\t\t\t\t\t\t\t\t\t\t\t\t\t\t<img decoding=\"async\" width=\"1707\" height=\"2560\" src=\"https:\/\/michellemarieweddings.de\/wp-content\/uploads\/2025\/09\/Braut-geniesst-Chapagnerfruehstueck_Rina-Radtke-Photography-scaled.jpg\" class=\"attachment-full size-full wp-image-1652\" alt=\"Bride opens champagne bottle at breakfast - luxury getting ready in style - silk dress and gown with pearls - location with castle character - elegant fine weddings - romantic weddings - relaxed getting ready for the wedding - small weddings - micro weddings - special moments wedding - living the dream - wedding planning and wedding design - MichelleMarie Weddings - Pia Schmeling - Frankfurt-Rhine-Main-Hesse-Germany-wide - enjoy a relaxed wedding - Rina Radtke Photography - Blumen Koser wedding floristry\" srcset=\"https:\/\/michellemarieweddings.de\/wp-content\/uploads\/2025\/09\/Braut-geniesst-Chapagnerfruehstueck_Rina-Radtke-Photography-scaled.jpg 1707w, https:\/\/michellemarieweddings.de\/wp-content\/uploads\/2025\/09\/Braut-geniesst-Chapagnerfruehstueck_Rina-Radtke-Photography-200x300.jpg 200w, https:\/\/michellemarieweddings.de\/wp-content\/uploads\/2025\/09\/Braut-geniesst-Chapagnerfruehstueck_Rina-Radtke-Photography-683x1024.jpg 683w, https:\/\/michellemarieweddings.de\/wp-content\/uploads\/2025\/09\/Braut-geniesst-Chapagnerfruehstueck_Rina-Radtke-Photography-768x1152.jpg 768w, https:\/\/michellemarieweddings.de\/wp-content\/uploads\/2025\/09\/Braut-geniesst-Chapagnerfruehstueck_Rina-Radtke-Photography-1024x1536.jpg 1024w, https:\/\/michellemarieweddings.de\/wp-content\/uploads\/2025\/09\/Braut-geniesst-Chapagnerfruehstueck_Rina-Radtke-Photography-1365x2048.jpg 1365w\" sizes=\"(max-width: 1707px) 100vw, 1707px\" \/>\t\t\t\t\t\t\t\t\t\t\t\t\t\t\t<\/div>\n\t\t\t\t<\/div>\n\t\t\t\t\t<\/div>\n\t\t<\/div>\n\t\t\t\t\t<\/div>\n\t\t<\/section>\n\t\t\t\t<section class=\"elementor-section elementor-top-section elementor-element elementor-element-7c35c06 elementor-section-height-min-height elementor-section-full_width elementor-section-items-stretch elementor-section-content-middle elementor-section-height-default\" data-id=\"7c35c06\" data-element_type=\"section\" data-settings=\"{&quot;background_background&quot;:&quot;classic&quot;}\">\n\t\t\t\t\t\t<div class=\"elementor-container elementor-column-gap-no\">\n\t\t\t\t\t<div class=\"elementor-column elementor-col-100 elementor-top-column elementor-element elementor-element-33d53266\" data-id=\"33d53266\" data-element_type=\"column\">\n\t\t\t<div class=\"elementor-widget-wrap elementor-element-populated\">\n\t\t\t\t\t\t<div class=\"elementor-element elementor-element-70c0c54b elementor-widget elementor-widget-heading\" data-id=\"70c0c54b\" data-element_type=\"widget\" data-widget_type=\"heading.default\">\n\t\t\t\t<div class=\"elementor-widget-container\">\n\t\t\t\t\t<h2 class=\"elementor-heading-title elementor-size-default\">Step by step, we manage the planning together. <\/h2>\t\t\t\t<\/div>\n\t\t\t\t<\/div>\n\t\t\t\t<div class=\"elementor-element elementor-element-2ecdac17 elementor-widget__width-initial elementor-widget elementor-widget-text-editor\" data-id=\"2ecdac17\" data-element_type=\"widget\" data-widget_type=\"text-editor.default\">\n\t\t\t\t<div class=\"elementor-widget-container\">\n\t\t\t\t\t\t\t\t\t<p>Everything will be fine in the end.&nbsp;<\/p><p>And if it's not good, it's not the end.&nbsp;<\/p><p>- Oscar Wilde<\/p>\t\t\t\t\t\t\t\t<\/div>\n\t\t\t\t<\/div>\n\t\t\t\t<div class=\"elementor-element elementor-element-5dead95a elementor-align-center elementor-widget elementor-widget-button\" data-id=\"5dead95a\" data-element_type=\"widget\" data-widget_type=\"button.default\">\n\t\t\t\t<div class=\"elementor-widget-container\">\n\t\t\t\t\t\t\t\t\t<div class=\"elementor-button-wrapper\">\n\t\t\t\t\t<a class=\"elementor-button elementor-button-link elementor-size-sm elementor-animation-hang\" href=\"https:\/\/tally.so\/r\/eqQ9bq?lang=en\" target=\"_blank\" rel=\"noopener\">\n\t\t\t\t\t\t<span class=\"elementor-button-content-wrapper\">\n\t\t\t\t\t\t\t\t\t<span class=\"elementor-button-text\">for a free consultation \u27f6<\/span>\n\t\t\t\t\t<\/span>\n\t\t\t\t\t<\/a>\n\t\t\t\t<\/div>\n\t\t\t\t\t\t\t\t<\/div>\n\t\t\t\t<\/div>\n\t\t\t\t\t<\/div>\n\t\t<\/div>\n\t\t\t\t\t<\/div>\n\t\t<\/section>\n\t\t\t\t<\/div>","protected":false},"excerpt":{"rendered":"<p>Die Teilplanung Die Teilplanung-der kleine Zeitsparer- mit Unterst\u00fctzung plant es sich leichter Der Service beinhaltet folgende Leistungen: Beurteilung und ggf. Erstellung und Korrektur eures Budget-und Zeitplans Erstellung eines detaillierten Tagesplans f\u00fcr eure Hochzeitsfeier Unterst\u00fctzung bei der Suche nach einer passenden Kirche, Standesamt und der Abwicklung der b\u00fcrokratischen H\u00fcrden\u00a0 Unterst\u00fctzung bei der Findung und Kommunikation mit [&hellip;]<\/p>\n","protected":false},"author":1,"featured_media":0,"parent":0,"menu_order":0,"comment_status":"closed","ping_status":"closed","template":"elementor_header_footer","meta":{"footnotes":""},"class_list":["post-62","page","type-page","status-publish","hentry"],"_links":{"self":[{"href":"https:\/\/michellemarieweddings.de\/en\/wp-json\/wp\/v2\/pages\/62","targetHints":{"allow":["GET"]}}],"collection":[{"href":"https:\/\/michellemarieweddings.de\/en\/wp-json\/wp\/v2\/pages"}],"about":[{"href":"https:\/\/michellemarieweddings.de\/en\/wp-json\/wp\/v2\/types\/page"}],"author":[{"embeddable":true,"href":"https:\/\/michellemarieweddings.de\/en\/wp-json\/wp\/v2\/users\/1"}],"replies":[{"embeddable":true,"href":"https:\/\/michellemarieweddings.de\/en\/wp-json\/wp\/v2\/comments?post=62"}],"version-history":[{"count":10,"href":"https:\/\/michellemarieweddings.de\/en\/wp-json\/wp\/v2\/pages\/62\/revisions"}],"predecessor-version":[{"id":1965,"href":"https:\/\/michellemarieweddings.de\/en\/wp-json\/wp\/v2\/pages\/62\/revisions\/1965"}],"wp:attachment":[{"href":"https:\/\/michellemarieweddings.de\/en\/wp-json\/wp\/v2\/media?parent=62"}],"curies":[{"name":"wp","href":"https:\/\/api.w.org\/{rel}","templated":true}]}}