{"id":164,"date":"2024-06-06T20:13:09","date_gmt":"2024-06-06T18:13:09","guid":{"rendered":"https:\/\/michellemarieweddings.de\/?page_id=164"},"modified":"2025-12-15T19:28:03","modified_gmt":"2025-12-15T18:28:03","slug":"location-search","status":"publish","type":"page","link":"https:\/\/michellemarieweddings.de\/en\/location-search\/","title":{"rendered":"Location Scout"},"content":{"rendered":"<div data-elementor-type=\"wp-page\" data-elementor-id=\"164\" class=\"elementor elementor-164\" data-elementor-post-type=\"page\">\n\t\t\t\t\t\t<section class=\"elementor-section elementor-top-section elementor-element elementor-element-61ce95a7 elementor-section-height-min-height elementor-section-items-stretch elementor-section-content-middle elementor-section-boxed elementor-section-height-default\" data-id=\"61ce95a7\" data-element_type=\"section\" data-settings=\"{&quot;background_background&quot;:&quot;classic&quot;}\">\n\t\t\t\t\t\t<div class=\"elementor-container elementor-column-gap-no\">\n\t\t\t\t\t<div class=\"elementor-column elementor-col-100 elementor-top-column elementor-element elementor-element-2e80ec9c\" data-id=\"2e80ec9c\" data-element_type=\"column\">\n\t\t\t<div class=\"elementor-widget-wrap elementor-element-populated\">\n\t\t\t\t\t\t<div class=\"elementor-element elementor-element-53f77d38 elementor-invisible elementor-widget elementor-widget-heading\" data-id=\"53f77d38\" data-element_type=\"widget\" data-settings=\"{&quot;_animation&quot;:&quot;fadeIn&quot;}\" data-widget_type=\"heading.default\">\n\t\t\t\t<div class=\"elementor-widget-container\">\n\t\t\t\t\t<h1 class=\"elementor-heading-title elementor-size-default\">The location scout<\/h1>\t\t\t\t<\/div>\n\t\t\t\t<\/div>\n\t\t\t\t\t<\/div>\n\t\t<\/div>\n\t\t\t\t\t<\/div>\n\t\t<\/section>\n\t\t\t\t<section class=\"elementor-section elementor-top-section elementor-element elementor-element-25757ec elementor-section-full_width elementor-section-height-min-height elementor-section-items-stretch elementor-section-content-middle elementor-section-height-default\" data-id=\"25757ec\" data-element_type=\"section\">\n\t\t\t\t\t\t<div class=\"elementor-container elementor-column-gap-no\">\n\t\t\t\t\t<div class=\"elementor-column elementor-col-50 elementor-top-column elementor-element elementor-element-752a230f\" data-id=\"752a230f\" data-element_type=\"column\" data-settings=\"{&quot;background_background&quot;:&quot;classic&quot;}\">\n\t\t\t<div class=\"elementor-widget-wrap elementor-element-populated\">\n\t\t\t\t\t\t<div class=\"elementor-element elementor-element-3ed53c69 elementor-invisible elementor-widget elementor-widget-image\" data-id=\"3ed53c69\" data-element_type=\"widget\" data-settings=\"{&quot;_animation&quot;:&quot;fadeIn&quot;}\" data-widget_type=\"image.default\">\n\t\t\t\t<div class=\"elementor-widget-container\">\n\t\t\t\t\t\t\t\t\t\t\t\t\t\t\t<img fetchpriority=\"high\" decoding=\"async\" width=\"2560\" height=\"1707\" src=\"https:\/\/michellemarieweddings.de\/wp-content\/uploads\/2025\/09\/Kaminzimmer-mit-runden-eingedeckten-Hochzeitstischen_Rina-Radtke-Photography-scaled.jpg\" class=\"attachment-full size-full wp-image-1717\" alt=\"Fireplace room with round wedding tables - wedding location Alleesaal Bad Schwalbach - round wedding tables - candlesticks as centerpiece - opulent flower decoration - pastel dream wedding - pastel dream - pastel colored wedding decoration - love in detail in wedding decoration and wedding concept - royal wedding moment - modern day fairytale wedding - Sissi wedding - marry and celebrate like in a castle - princess wedding - relaxed wedding with professional support in planning - wedding planning and wedding design from a single source - micro weddings - small fine stylish weddings - luxury weddings in a small circle - wedding planning and design - MichelleMarie Weddings - Pia Schmeling - Frankfurt-Wiesbaden-Mainz-Taunus-Darmstadt-Rhine-Main-Hesse-Germany-wide - tailor-made weddings - tailor-made wedding concept - pure romance for the wedding - weddings with entertainment value - wedding design that makes all eyes shine - stylish entertainment at your wedding - overall planning - partial planning - location scout - wedding design - master of ceremonies - weddings that set new standards - floral decoration wedding flowers Koser - wedding floristry - wedding photography Rina Radtke Photography - small luxury weddings - luxurious moment at your wedding - luxury is in the details of the wedding\" srcset=\"https:\/\/michellemarieweddings.de\/wp-content\/uploads\/2025\/09\/Kaminzimmer-mit-runden-eingedeckten-Hochzeitstischen_Rina-Radtke-Photography-scaled.jpg 2560w, https:\/\/michellemarieweddings.de\/wp-content\/uploads\/2025\/09\/Kaminzimmer-mit-runden-eingedeckten-Hochzeitstischen_Rina-Radtke-Photography-300x200.jpg 300w, https:\/\/michellemarieweddings.de\/wp-content\/uploads\/2025\/09\/Kaminzimmer-mit-runden-eingedeckten-Hochzeitstischen_Rina-Radtke-Photography-1024x683.jpg 1024w, https:\/\/michellemarieweddings.de\/wp-content\/uploads\/2025\/09\/Kaminzimmer-mit-runden-eingedeckten-Hochzeitstischen_Rina-Radtke-Photography-768x512.jpg 768w, https:\/\/michellemarieweddings.de\/wp-content\/uploads\/2025\/09\/Kaminzimmer-mit-runden-eingedeckten-Hochzeitstischen_Rina-Radtke-Photography-1536x1024.jpg 1536w, https:\/\/michellemarieweddings.de\/wp-content\/uploads\/2025\/09\/Kaminzimmer-mit-runden-eingedeckten-Hochzeitstischen_Rina-Radtke-Photography-2048x1365.jpg 2048w\" sizes=\"(max-width: 2560px) 100vw, 2560px\" \/>\t\t\t\t\t\t\t\t\t\t\t\t\t\t\t<\/div>\n\t\t\t\t<\/div>\n\t\t\t\t\t<\/div>\n\t\t<\/div>\n\t\t\t\t<div class=\"elementor-column elementor-col-50 elementor-top-column elementor-element elementor-element-4d18c374\" data-id=\"4d18c374\" data-element_type=\"column\">\n\t\t\t<div class=\"elementor-widget-wrap elementor-element-populated\">\n\t\t\t\t\t\t<div class=\"elementor-element elementor-element-36e2da68 elementor-widget__width-initial elementor-invisible elementor-widget elementor-widget-heading\" data-id=\"36e2da68\" data-element_type=\"widget\" data-settings=\"{&quot;_animation&quot;:&quot;fadeIn&quot;}\" data-widget_type=\"heading.default\">\n\t\t\t\t<div class=\"elementor-widget-container\">\n\t\t\t\t\t<h1 class=\"elementor-heading-title elementor-size-default\">- The location - <br>The perfect setting for your celebration <\/h1>\t\t\t\t<\/div>\n\t\t\t\t<\/div>\n\t\t\t\t<div class=\"elementor-element elementor-element-252495b3 elementor-invisible elementor-widget elementor-widget-heading\" data-id=\"252495b3\" data-element_type=\"widget\" data-settings=\"{&quot;_animation&quot;:&quot;fadeIn&quot;,&quot;_animation_delay&quot;:&quot;200&quot;}\" data-widget_type=\"heading.default\">\n\t\t\t\t<div class=\"elementor-widget-container\">\n\t\t\t\t\t<h2 class=\"elementor-heading-title elementor-size-default\">...We find the one location, <br>that feels exactly right!<\/h2>\t\t\t\t<\/div>\n\t\t\t\t<\/div>\n\t\t\t\t<div class=\"elementor-element elementor-element-31cebd68 elementor-widget-divider--view-line elementor-widget elementor-widget-divider\" data-id=\"31cebd68\" data-element_type=\"widget\" data-widget_type=\"divider.default\">\n\t\t\t\t<div class=\"elementor-widget-container\">\n\t\t\t\t\t\t\t<div class=\"elementor-divider\">\n\t\t\t<span class=\"elementor-divider-separator\">\n\t\t\t\t\t\t<\/span>\n\t\t<\/div>\n\t\t\t\t\t\t<\/div>\n\t\t\t\t<\/div>\n\t\t\t\t<div class=\"elementor-element elementor-element-2be19458 elementor-widget elementor-widget-text-editor\" data-id=\"2be19458\" data-element_type=\"widget\" data-widget_type=\"text-editor.default\">\n\t\t\t\t<div class=\"elementor-widget-container\">\n\t\t\t\t\t\t\t\t\t<p>Finding the right location for your celebration is a fundamental step that is essential. Everything stands and falls with the location.<\/p><p>It is not only the distance that is decisive for the service providers, but also the available premises and their conditions.\u00a0<\/p><p>Here is a selection of points that need to be clarified when looking for a location and which will influence the rest of the planning process:<\/p><ul><li>What are the logistics for the guests to reach the location after the ceremony and how much time do you need to plan for the journey?\u00a0<\/li><li>Are there (sufficient) parking spaces?<\/li><li>Is it possible to have a free wedding ceremony on site?<\/li><li>Is there accommodation available or do the (out-of-town) guests have to be accommodated in hotels? And do we need a shuttle service in this context?<\/li><li>Does the location have its own catering facilities or does an external caterer have to be commissioned?\u00a0<\/li><li>Which catering concept is offered? Buffet, menu, a standing reception with canap\u00e9s? What packages are being offered and which restrictions apply?<\/li><li>Is food tasting possible? Especially when it comes to an external caterer.<\/li><li>\u00a0Is a plate fee charged for the specially commissioned wedding cake?\u00a0<\/li><li>Does the location charge a corkage fee if you bring in your own favorite alcoholic beverages?\u00a0<\/li><\/ul>\t\t\t\t\t\t\t\t<\/div>\n\t\t\t\t<\/div>\n\t\t\t\t\t<\/div>\n\t\t<\/div>\n\t\t\t\t\t<\/div>\n\t\t<\/section>\n\t\t\t\t<section class=\"elementor-section elementor-top-section elementor-element elementor-element-fccee79 elementor-section-full_width elementor-section-height-min-height elementor-section-items-stretch elementor-section-content-middle elementor-section-height-default\" data-id=\"fccee79\" data-element_type=\"section\">\n\t\t\t\t\t\t<div class=\"elementor-container elementor-column-gap-no\">\n\t\t\t\t\t<div class=\"elementor-column elementor-col-100 elementor-top-column elementor-element elementor-element-4daa87f\" data-id=\"4daa87f\" data-element_type=\"column\">\n\t\t\t<div class=\"elementor-widget-wrap elementor-element-populated\">\n\t\t\t\t\t\t<div class=\"elementor-element elementor-element-740476a elementor-widget elementor-widget-text-editor\" data-id=\"740476a\" data-element_type=\"widget\" data-widget_type=\"text-editor.default\">\n\t\t\t\t<div class=\"elementor-widget-container\">\n\t\t\t\t\t\t\t\t\t<p>\u00a0<\/p><ul><li>Does the entire location need to be rented exclusively or can individual rooms be rented?<\/li><li>Is there a closing time?<\/li><li>How many bridal couples may be celebrating at the venue on the same day and are you shielded from them?\u00a0<\/li><li>What about sanitary facilities? Are there enough toilets available or do you have to share them with other guests? Or do you even have to hire toilet vans externally?\u00a0<\/li><li>What is the power supply like? Will it be suitable for your lighting and entertainment?\u00a0<\/li><li>Is there any space confinement for your entertainment?\u00a0<\/li><li>What does the room layout look like in terms of tables, dance floor, buffet, sweet table and other set-ups?\u00a0<\/li><li>Does the venue provide lounge furniture?\u00a0<\/li><li>Are there rooms for the service providers to prepare, change or store equipment?\u00a0<\/li><li>Is the use of sparklers, throwing fresh flower petals and confetti shooters allowed? What are the fire protection regulations to be adhered to?\u00a0<\/li><li>Does the location provide lighting or does this have to be hired externally?\u00a0<\/li><li>Do you pay a room rent or a minimum turnover?\u00a0<\/li><\/ul><div>\u00a0<\/div><div>\u00a0<\/div><div>Questions upon questions, but they are absolutely essential to find out and critical when deciding on a location.\u00a0<br \/><span style=\"background-color: var( --e-global-color-1fd96a61 ); color: var( --e-global-color-text ); letter-spacing: 0px;\">With the assignment of the location scout, I will research locations for you according to your budget and parameters and present you the shortlist.\u00a0<\/span><\/div><p>All the points listed above and more will be clarified by me.\u00a0<span style=\"background-color: var( --e-global-color-1fd96a61 ); color: var( --e-global-color-text ); letter-spacing: 0px;\">I will be happy to visit the location you have chosen, manage the communication and review the contract. If the venue allows, I will be happy to arrange a rehearsal dinner\/food tasting for you.\u00a0<\/span><\/p>\t\t\t\t\t\t\t\t<\/div>\n\t\t\t\t<\/div>\n\t\t\t\t\t<\/div>\n\t\t<\/div>\n\t\t\t\t\t<\/div>\n\t\t<\/section>\n\t\t\t\t<section class=\"elementor-section elementor-top-section elementor-element elementor-element-3cc8aaa5 elementor-section-full_width elementor-section-height-min-height elementor-section-items-stretch elementor-section-content-middle elementor-reverse-mobile elementor-section-height-default\" data-id=\"3cc8aaa5\" data-element_type=\"section\">\n\t\t\t\t\t\t<div class=\"elementor-container elementor-column-gap-no\">\n\t\t\t\t\t<div class=\"elementor-column elementor-col-50 elementor-top-column elementor-element elementor-element-3245aba9\" data-id=\"3245aba9\" data-element_type=\"column\">\n\t\t\t<div class=\"elementor-widget-wrap elementor-element-populated\">\n\t\t\t\t\t\t<div class=\"elementor-element elementor-element-77cd8e03 elementor-invisible elementor-widget elementor-widget-heading\" data-id=\"77cd8e03\" data-element_type=\"widget\" data-settings=\"{&quot;_animation&quot;:&quot;fadeIn&quot;}\" data-widget_type=\"heading.default\">\n\t\t\t\t<div class=\"elementor-widget-container\">\n\t\t\t\t\t<h2 class=\"elementor-heading-title elementor-size-default\">Why I recommend <br>the location scout?<\/h2>\t\t\t\t<\/div>\n\t\t\t\t<\/div>\n\t\t\t\t<div class=\"elementor-element elementor-element-14718b51 elementor-widget elementor-widget-text-editor\" data-id=\"14718b51\" data-element_type=\"widget\" data-widget_type=\"text-editor.default\">\n\t\t\t\t<div class=\"elementor-widget-container\">\n\t\t\t\t\t\t\t\t\t<p>Finding the right venue is one of the most time-consuming - and most important - parts of wedding planning. There is so much to compare, evaluate and coordinate. And because the most beautiful and in-demand venues book out far in advance, this step needs to happen early and efficiently.\u00a0<\/p><p>Trying to research locations in the little free time you have - on top of your regular job - can quickly feel frustrating, especially when hours go by and nothing seems to be the right fit.\u00a0<\/p><p>This is where \"time is money\" truly applies. For destination weddings in Germany in particular, the cost of travel, time, and stress rarely compares to having a professionally curated shortlist of suitable venues prepared for you - which you can review comfortably from your screen.<\/p>\t\t\t\t\t\t\t\t<\/div>\n\t\t\t\t<\/div>\n\t\t\t\t\t<\/div>\n\t\t<\/div>\n\t\t\t\t<div class=\"elementor-column elementor-col-50 elementor-top-column elementor-element elementor-element-18d60c2a\" data-id=\"18d60c2a\" data-element_type=\"column\" data-settings=\"{&quot;background_background&quot;:&quot;classic&quot;}\">\n\t\t\t<div class=\"elementor-widget-wrap elementor-element-populated\">\n\t\t\t\t\t\t<div class=\"elementor-element elementor-element-6eb3dabb elementor-invisible elementor-widget elementor-widget-image\" data-id=\"6eb3dabb\" data-element_type=\"widget\" data-settings=\"{&quot;_animation&quot;:&quot;fadeIn&quot;}\" data-widget_type=\"image.default\">\n\t\t\t\t<div class=\"elementor-widget-container\">\n\t\t\t\t\t\t\t\t\t\t\t\t\t\t\t<img decoding=\"async\" width=\"2560\" height=\"1707\" src=\"https:\/\/michellemarieweddings.de\/wp-content\/uploads\/2025\/09\/Brautpaar-vor-Wandmalerei-im-Blauen-Salon_Rina-Radtke-Photography-scaled.jpg\" class=\"attachment-full size-full wp-image-1691\" alt=\"Bridal couple in front of a mural in the Blue Salon Alleesaal Bad Schwalbach - dream dress made of tulle by Millia London - bridal bouquet elegant and pastel-colored with orchids - suit groom by Men&#039;s Couture Ingelheim am Rhein - romantic princess wedding - modern day princess wedding - pure romance for the wedding - modern Sissi wedding like in a fairytale - fairytale wedding - dreams come true - small luxury wedding - we celebrate in the closest circle - microwedding - small wedding with style and class - wedding without compromises - no stress with the wedding planning thanks to wedding planner Pia Schmeling - MichelleMarie Weddings - Frankfurt-Wiesbaden-Mainz-Taunus-Hessen-Germany-wide - castle wedding - wedding with castle character - royal wedding - royal wedding in a small circle - tailor-made wedding with highlights that will be remembered - weddings that set new standards - wedding design that makes all eyes shine - moments for life - first look fantastically beautiful - flowers Koser wedding floristry - wedding photography Rina Radtke Photography\" srcset=\"https:\/\/michellemarieweddings.de\/wp-content\/uploads\/2025\/09\/Brautpaar-vor-Wandmalerei-im-Blauen-Salon_Rina-Radtke-Photography-scaled.jpg 2560w, https:\/\/michellemarieweddings.de\/wp-content\/uploads\/2025\/09\/Brautpaar-vor-Wandmalerei-im-Blauen-Salon_Rina-Radtke-Photography-300x200.jpg 300w, https:\/\/michellemarieweddings.de\/wp-content\/uploads\/2025\/09\/Brautpaar-vor-Wandmalerei-im-Blauen-Salon_Rina-Radtke-Photography-1024x683.jpg 1024w, https:\/\/michellemarieweddings.de\/wp-content\/uploads\/2025\/09\/Brautpaar-vor-Wandmalerei-im-Blauen-Salon_Rina-Radtke-Photography-768x512.jpg 768w, https:\/\/michellemarieweddings.de\/wp-content\/uploads\/2025\/09\/Brautpaar-vor-Wandmalerei-im-Blauen-Salon_Rina-Radtke-Photography-1536x1024.jpg 1536w, https:\/\/michellemarieweddings.de\/wp-content\/uploads\/2025\/09\/Brautpaar-vor-Wandmalerei-im-Blauen-Salon_Rina-Radtke-Photography-2048x1365.jpg 2048w\" sizes=\"(max-width: 2560px) 100vw, 2560px\" \/>\t\t\t\t\t\t\t\t\t\t\t\t\t\t\t<\/div>\n\t\t\t\t<\/div>\n\t\t\t\t\t<\/div>\n\t\t<\/div>\n\t\t\t\t\t<\/div>\n\t\t<\/section>\n\t\t\t\t<section class=\"elementor-section elementor-top-section elementor-element elementor-element-45406589 elementor-section-height-min-height elementor-section-full_width elementor-section-items-stretch elementor-section-content-middle elementor-section-height-default\" data-id=\"45406589\" data-element_type=\"section\" data-settings=\"{&quot;background_background&quot;:&quot;classic&quot;}\">\n\t\t\t\t\t\t<div class=\"elementor-container elementor-column-gap-no\">\n\t\t\t\t\t<div class=\"elementor-column elementor-col-50 elementor-top-column elementor-element elementor-element-8f85df4\" data-id=\"8f85df4\" data-element_type=\"column\">\n\t\t\t<div class=\"elementor-widget-wrap elementor-element-populated\">\n\t\t\t\t\t\t<div class=\"elementor-element elementor-element-f27f542 elementor-widget elementor-widget-heading\" data-id=\"f27f542\" data-element_type=\"widget\" data-widget_type=\"heading.default\">\n\t\t\t\t<div class=\"elementor-widget-container\">\n\t\t\t\t\t<h2 class=\"elementor-heading-title elementor-size-default\">Get in touch<\/h2>\t\t\t\t<\/div>\n\t\t\t\t<\/div>\n\t\t\t\t<div class=\"elementor-element elementor-element-51c858a2 elementor-widget elementor-widget-text-editor\" data-id=\"51c858a2\" data-element_type=\"widget\" data-widget_type=\"text-editor.default\">\n\t\t\t\t<div class=\"elementor-widget-container\">\n\t\t\t\t\t\t\t\t\t<p>While you enjoy time together as a couple or spend time with your friends and family, I'll take care of the location scouting.\u00a0<\/p><p>If that feels good to you, I look forward to hearing from you.\u00a0<\/p><p>I will get back to you within 48 hours!<\/p>\t\t\t\t\t\t\t\t<\/div>\n\t\t\t\t<\/div>\n\t\t\t\t<div class=\"elementor-element elementor-element-266bf572 elementor-align-right elementor-widget elementor-widget-button\" data-id=\"266bf572\" data-element_type=\"widget\" data-widget_type=\"button.default\">\n\t\t\t\t<div class=\"elementor-widget-container\">\n\t\t\t\t\t\t\t\t\t<div class=\"elementor-button-wrapper\">\n\t\t\t\t\t<a class=\"elementor-button elementor-button-link elementor-size-sm elementor-animation-hang\" href=\"https:\/\/tally.so\/r\/eqQ9bq?lang=en\" target=\"_blank\" rel=\"noopener\">\n\t\t\t\t\t\t<span class=\"elementor-button-content-wrapper\">\n\t\t\t\t\t\t\t\t\t<span class=\"elementor-button-text\">To the free consultation\u27f6<\/span>\n\t\t\t\t\t<\/span>\n\t\t\t\t\t<\/a>\n\t\t\t\t<\/div>\n\t\t\t\t\t\t\t\t<\/div>\n\t\t\t\t<\/div>\n\t\t\t\t\t<\/div>\n\t\t<\/div>\n\t\t\t\t<div class=\"elementor-column elementor-col-50 elementor-top-column elementor-element elementor-element-bd80bd4 elementor-hidden-mobile\" data-id=\"bd80bd4\" data-element_type=\"column\" data-settings=\"{&quot;background_background&quot;:&quot;classic&quot;}\">\n\t\t\t<div class=\"elementor-widget-wrap elementor-element-populated\">\n\t\t\t\t\t\t<div class=\"elementor-element elementor-element-6db5241b elementor-widget elementor-widget-spacer\" data-id=\"6db5241b\" data-element_type=\"widget\" data-widget_type=\"spacer.default\">\n\t\t\t\t<div class=\"elementor-widget-container\">\n\t\t\t\t\t\t\t<div class=\"elementor-spacer\">\n\t\t\t<div class=\"elementor-spacer-inner\"><\/div>\n\t\t<\/div>\n\t\t\t\t\t\t<\/div>\n\t\t\t\t<\/div>\n\t\t\t\t\t<\/div>\n\t\t<\/div>\n\t\t\t\t\t<\/div>\n\t\t<\/section>\n\t\t\t\t<\/div>","protected":false},"excerpt":{"rendered":"<p>Die LocationSuche &#8211; Die Location &#8211; Der passende Rahmen f\u00fcr eure Feier &#8230;Wir finden die eine Location, die wie f\u00fcr euch geschaffen ist! Die Suche nach der passenden Location f\u00fcr eure Feier ist ein grundlegender Schritt, welcher essentiell ist. Mit der Location steht und f\u00e4llt alles. Entscheidend ist nicht nur die Entfernung f\u00fcr die Dienstleister, [&hellip;]<\/p>\n","protected":false},"author":1,"featured_media":0,"parent":0,"menu_order":0,"comment_status":"closed","ping_status":"closed","template":"elementor_header_footer","meta":{"footnotes":""},"class_list":["post-164","page","type-page","status-publish","hentry"],"_links":{"self":[{"href":"https:\/\/michellemarieweddings.de\/en\/wp-json\/wp\/v2\/pages\/164","targetHints":{"allow":["GET"]}}],"collection":[{"href":"https:\/\/michellemarieweddings.de\/en\/wp-json\/wp\/v2\/pages"}],"about":[{"href":"https:\/\/michellemarieweddings.de\/en\/wp-json\/wp\/v2\/types\/page"}],"author":[{"embeddable":true,"href":"https:\/\/michellemarieweddings.de\/en\/wp-json\/wp\/v2\/users\/1"}],"replies":[{"embeddable":true,"href":"https:\/\/michellemarieweddings.de\/en\/wp-json\/wp\/v2\/comments?post=164"}],"version-history":[{"count":10,"href":"https:\/\/michellemarieweddings.de\/en\/wp-json\/wp\/v2\/pages\/164\/revisions"}],"predecessor-version":[{"id":1945,"href":"https:\/\/michellemarieweddings.de\/en\/wp-json\/wp\/v2\/pages\/164\/revisions\/1945"}],"wp:attachment":[{"href":"https:\/\/michellemarieweddings.de\/en\/wp-json\/wp\/v2\/media?parent=164"}],"curies":[{"name":"wp","href":"https:\/\/api.w.org\/{rel}","templated":true}]}}