{"id":101,"date":"2024-06-05T23:58:34","date_gmt":"2024-06-05T21:58:34","guid":{"rendered":"https:\/\/michellemarieweddings.de\/kontakt\/"},"modified":"2025-12-15T18:16:33","modified_gmt":"2025-12-15T17:16:33","slug":"contact","status":"publish","type":"page","link":"https:\/\/michellemarieweddings.de\/en\/contact\/","title":{"rendered":"Contact us"},"content":{"rendered":"\t\t<div data-elementor-type=\"wp-page\" data-elementor-id=\"101\" class=\"elementor elementor-101\" data-elementor-post-type=\"page\">\n\t\t\t\t\t\t<section class=\"elementor-section elementor-top-section elementor-element elementor-element-39f37f29 elementor-section-full_width elementor-section-content-top elementor-section-height-default elementor-section-height-default\" data-id=\"39f37f29\" data-element_type=\"section\" data-settings=\"{&quot;background_background&quot;:&quot;classic&quot;}\">\n\t\t\t\t\t\t<div class=\"elementor-container elementor-column-gap-no\">\n\t\t\t\t\t<div class=\"elementor-column elementor-col-100 elementor-top-column elementor-element elementor-element-3e618247\" data-id=\"3e618247\" data-element_type=\"column\">\n\t\t\t<div class=\"elementor-widget-wrap elementor-element-populated\">\n\t\t\t\t\t\t<div class=\"elementor-element elementor-element-51530f7 elementor-invisible elementor-widget elementor-widget-heading\" data-id=\"51530f7\" data-element_type=\"widget\" data-settings=\"{&quot;_animation&quot;:&quot;fadeIn&quot;}\" data-widget_type=\"heading.default\">\n\t\t\t\t<div class=\"elementor-widget-container\">\n\t\t\t\t\t<h1 class=\"elementor-heading-title elementor-size-default\">Anfrage stellen:<\/h1>\t\t\t\t<\/div>\n\t\t\t\t<\/div>\n\t\t\t\t<section class=\"elementor-section elementor-inner-section elementor-element elementor-element-7153f332 elementor-section-content-middle elementor-section-boxed elementor-section-height-default elementor-section-height-default\" data-id=\"7153f332\" data-element_type=\"section\">\n\t\t\t\t\t\t<div class=\"elementor-container elementor-column-gap-default\">\n\t\t\t\t\t<div class=\"elementor-column elementor-col-100 elementor-inner-column elementor-element elementor-element-64a70542\" data-id=\"64a70542\" data-element_type=\"column\">\n\t\t\t<div class=\"elementor-widget-wrap elementor-element-populated\">\n\t\t\t\t\t\t<div class=\"elementor-element elementor-element-5caac127 elementor-widget elementor-widget-text-editor\" data-id=\"5caac127\" data-element_type=\"widget\" data-widget_type=\"text-editor.default\">\n\t\t\t\t<div class=\"elementor-widget-container\">\n\t\t\t\t\t\t\t\t\t<p><br><\/p><p>Sch\u00f6n, dass ihr euch f\u00fcr eine erste Kontaktaufnahme entschieden habt!<\/p>\n<p>Sei es eine Teilplanung, eine Gesamtplanung, ein Wedding Design oder auch nur eine Locationsuche.&nbsp;<\/p>\n<p>Ich bin mir sicher, wir werden das richtige Konzept f\u00fcr euch finden.<\/p>\n<p>Nach dem Abschicken eurer Anfrage, werde ich euch innerhalb von 48 Std. kontaktieren, um&nbsp; einen gemeinsamen Termin f\u00fcr ein erstes Telefonat&nbsp;<span style=\"letter-spacing: 0px;\">zu vereinbaren.<\/span><\/p>\n<p>Ich freue mich auf unser Kennenlernen!<\/p>\t\t\t\t\t\t\t\t<\/div>\n\t\t\t\t<\/div>\n\t\t\t\t<div class=\"elementor-element elementor-element-6bf64592 elementor-button-align-center elementor-widget elementor-widget-form\" data-id=\"6bf64592\" data-element_type=\"widget\" data-settings=\"{&quot;step_next_label&quot;:&quot;Next&quot;,&quot;step_previous_label&quot;:&quot;Previous&quot;,&quot;button_width&quot;:&quot;100&quot;,&quot;step_type&quot;:&quot;number_text&quot;,&quot;step_icon_shape&quot;:&quot;circle&quot;}\" data-widget_type=\"form.default\">\n\t\t\t\t<div class=\"elementor-widget-container\">\n\t\t\t\t\t\t\t<form class=\"elementor-form\" method=\"post\" name=\"Kontaktformular\" aria-label=\"Kontaktformular\">\n\t\t\t<input type=\"hidden\" name=\"post_id\" value=\"101\"\/>\n\t\t\t<input type=\"hidden\" name=\"form_id\" value=\"6bf64592\"\/>\n\t\t\t<input type=\"hidden\" name=\"referer_title\" value=\"Kontakt - Hochzeitsplanung &amp; Wedding Design FFM, Hessen, DE\" \/>\n\n\t\t\t\t\t\t\t<input type=\"hidden\" name=\"queried_id\" value=\"101\"\/>\n\t\t\t\n\t\t\t<div class=\"elementor-form-fields-wrapper elementor-labels-above\">\n\t\t\t\t\t\t\t\t<div class=\"elementor-field-type-text elementor-field-group elementor-column elementor-field-group-name elementor-col-100\">\n\t\t\t\t\t\t\t\t\t\t\t\t\t<input size=\"1\" type=\"text\" name=\"form_fields[name]\" id=\"form-field-name\" class=\"elementor-field elementor-size-sm  elementor-field-textual\" placeholder=\"Name\">\n\t\t\t\t\t\t\t\t\t\t\t<\/div>\n\t\t\t\t\t\t\t\t<div class=\"elementor-field-type-email elementor-field-group elementor-column elementor-field-group-email elementor-col-100 elementor-field-required\">\n\t\t\t\t\t\t\t\t\t\t\t\t\t<input size=\"1\" type=\"email\" name=\"form_fields[email]\" id=\"form-field-email\" class=\"elementor-field elementor-size-sm  elementor-field-textual\" placeholder=\"E-Mail Adresse\" required=\"required\">\n\t\t\t\t\t\t\t\t\t\t\t<\/div>\n\t\t\t\t\t\t\t\t<div class=\"elementor-field-type-tel elementor-field-group elementor-column elementor-field-group-field_7618bac elementor-col-100 elementor-field-required\">\n\t\t\t\t\t\t\t<input size=\"1\" type=\"tel\" name=\"form_fields[field_7618bac]\" id=\"form-field-field_7618bac\" class=\"elementor-field elementor-size-sm  elementor-field-textual\" placeholder=\"Telefonnummer\" required=\"required\" pattern=\"[0-9()#&amp;+*-=.]+\" title=\"Only numbers and phone characters (#, -, *, etc) are accepted.\">\n\n\t\t\t\t\t\t<\/div>\n\t\t\t\t\t\t\t\t<div class=\"elementor-field-type-textarea elementor-field-group elementor-column elementor-field-group-message elementor-col-100 elementor-field-required\">\n\t\t\t\t\t<textarea class=\"elementor-field-textual elementor-field  elementor-size-sm\" name=\"form_fields[message]\" id=\"form-field-message\" rows=\"4\" placeholder=\"Eure Nachricht \" required=\"required\"><\/textarea>\t\t\t\t<\/div>\n\t\t\t\t\t\t\t\t<div class=\"elementor-field-group elementor-column elementor-field-type-submit elementor-col-100 e-form__buttons\">\n\t\t\t\t\t<button class=\"elementor-button elementor-size-sm\" type=\"submit\">\n\t\t\t\t\t\t<span class=\"elementor-button-content-wrapper\">\n\t\t\t\t\t\t\t\t\t\t\t\t\t\t\t<span class=\"elementor-button-icon\">\n\t\t\t\t\t\t\t\t\t<svg aria-hidden=\"true\" class=\"e-font-icon-svg e-far-smile\" viewBox=\"0 0 496 512\" xmlns=\"http:\/\/www.w3.org\/2000\/svg\"><path d=\"M248 8C111 8 0 119 0 256s111 248 248 248 248-111 248-248S385 8 248 8zm0 448c-110.3 0-200-89.7-200-200S137.7 56 248 56s200 89.7 200 200-89.7 200-200 200zm-80-216c17.7 0 32-14.3 32-32s-14.3-32-32-32-32 14.3-32 32 14.3 32 32 32zm160 0c17.7 0 32-14.3 32-32s-14.3-32-32-32-32 14.3-32 32 14.3 32 32 32zm4 72.6c-20.8 25-51.5 39.4-84 39.4s-63.2-14.3-84-39.4c-8.5-10.2-23.7-11.5-33.8-3.1-10.2 8.5-11.5 23.6-3.1 33.8 30 36 74.1 56.6 120.9 56.6s90.9-20.6 120.9-56.6c8.5-10.2 7.1-25.3-3.1-33.8-10.1-8.4-25.3-7.1-33.8 3.1z\"><\/path><\/svg>\t\t\t\t\t\t\t\t\t\t\t\t\t\t\t\t\t<\/span>\n\t\t\t\t\t\t\t\t\t\t\t\t\t\t\t\t\t\t\t\t\t\t<span class=\"elementor-button-text\">Absenden<\/span>\n\t\t\t\t\t\t\t\t\t\t\t\t\t<\/span>\n\t\t\t\t\t<\/button>\n\t\t\t\t<\/div>\n\t\t\t<\/div>\n\t\t<\/form>\n\t\t\t\t\t\t<\/div>\n\t\t\t\t<\/div>\n\t\t\t\t\t<\/div>\n\t\t<\/div>\n\t\t\t\t\t<\/div>\n\t\t<\/section>\n\t\t\t\t\t<\/div>\n\t\t<\/div>\n\t\t\t\t\t<\/div>\n\t\t<\/section>\n\t\t\t\t<section class=\"elementor-section elementor-top-section elementor-element elementor-element-733a89a4 elementor-section-boxed elementor-section-height-default elementor-section-height-default\" data-id=\"733a89a4\" data-element_type=\"section\" data-settings=\"{&quot;animation&quot;:&quot;none&quot;}\">\n\t\t\t\t\t\t<div class=\"elementor-container elementor-column-gap-no\">\n\t\t\t\t\t<div class=\"elementor-column elementor-col-100 elementor-top-column elementor-element elementor-element-26747a3f\" data-id=\"26747a3f\" data-element_type=\"column\">\n\t\t\t<div class=\"elementor-widget-wrap elementor-element-populated\">\n\t\t\t\t\t\t<div class=\"elementor-element elementor-element-51aee7cd gallery-spacing-custom elementor-widget elementor-widget-image-gallery\" data-id=\"51aee7cd\" data-element_type=\"widget\" data-widget_type=\"image-gallery.default\">\n\t\t\t\t<div class=\"elementor-widget-container\">\n\t\t\t\t\t\t\t<div class=\"elementor-image-gallery\">\n\t\t\t<div id='gallery-1' class='gallery galleryid-101 gallery-columns-3 gallery-size-full'><figure class='gallery-item'>\n\t\t\t<div class='gallery-icon portrait'>\n\t\t\t\t<a data-elementor-open-lightbox=\"yes\" data-elementor-lightbox-slideshow=\"51aee7cd\" data-elementor-lightbox-title=\"Sweettable Hochzeit MichelleMarie Weddings_Zerina Kaps Photography\" data-e-action-hash=\"#elementor-action%3Aaction%3Dlightbox%26settings%3DeyJpZCI6MTYzNCwidXJsIjoiaHR0cHM6XC9cL21pY2hlbGxlbWFyaWV3ZWRkaW5ncy5kZVwvd3AtY29udGVudFwvdXBsb2Fkc1wvMjAyNVwvMDlcL1N3ZWV0dGFibGUtSG9jaHplaXQtTWljaGVsbGVNYXJpZS1XZWRkaW5nc19aZXJpbmEtS2Fwcy1QaG90b2dyYXBoeS5qcGciLCJzbGlkZXNob3ciOiI1MWFlZTdjZCJ9\" href='https:\/\/michellemarieweddings.de\/wp-content\/uploads\/2025\/09\/Sweettable-Hochzeit-MichelleMarie-Weddings_Zerina-Kaps-Photography.jpg'><img fetchpriority=\"high\" decoding=\"async\" width=\"1365\" height=\"2048\" src=\"https:\/\/michellemarieweddings.de\/wp-content\/uploads\/2025\/09\/Sweettable-Hochzeit-MichelleMarie-Weddings_Zerina-Kaps-Photography.jpg\" class=\"attachment-full size-full\" alt=\"Hochzeitstisch pastellfarben mit Torte-Dessertpyramide-Cupcakes-Erdbeeren mit Blattgold-Macaronstower\u00b4- Hochzeitsplanung MichelleMarie Weddings - Pia Schmeling - Frankfurt-Rhein-Main-Hessen-deutschlandweit\" srcset=\"https:\/\/michellemarieweddings.de\/wp-content\/uploads\/2025\/09\/Sweettable-Hochzeit-MichelleMarie-Weddings_Zerina-Kaps-Photography.jpg 1365w, https:\/\/michellemarieweddings.de\/wp-content\/uploads\/2025\/09\/Sweettable-Hochzeit-MichelleMarie-Weddings_Zerina-Kaps-Photography-200x300.jpg 200w, https:\/\/michellemarieweddings.de\/wp-content\/uploads\/2025\/09\/Sweettable-Hochzeit-MichelleMarie-Weddings_Zerina-Kaps-Photography-683x1024.jpg 683w, https:\/\/michellemarieweddings.de\/wp-content\/uploads\/2025\/09\/Sweettable-Hochzeit-MichelleMarie-Weddings_Zerina-Kaps-Photography-768x1152.jpg 768w, https:\/\/michellemarieweddings.de\/wp-content\/uploads\/2025\/09\/Sweettable-Hochzeit-MichelleMarie-Weddings_Zerina-Kaps-Photography-1024x1536.jpg 1024w\" sizes=\"(max-width: 1365px) 100vw, 1365px\" \/><\/a>\n\t\t\t<\/div><\/figure><figure class='gallery-item'>\n\t\t\t<div class='gallery-icon portrait'>\n\t\t\t\t<a data-elementor-open-lightbox=\"yes\" data-elementor-lightbox-slideshow=\"51aee7cd\" data-elementor-lightbox-title=\"Braut in romantischem T\u00fcllkleid_Rina Radtke Photography\" data-e-action-hash=\"#elementor-action%3Aaction%3Dlightbox%26settings%3DeyJpZCI6MTY1NiwidXJsIjoiaHR0cHM6XC9cL21pY2hlbGxlbWFyaWV3ZWRkaW5ncy5kZVwvd3AtY29udGVudFwvdXBsb2Fkc1wvMjAyNVwvMDlcL0JyYXV0LWluLXJvbWFudGlzY2hlbS1UdWVsbGtsZWlkX1JpbmEtUmFkdGtlLVBob3RvZ3JhcGh5LXNjYWxlZC5qcGciLCJzbGlkZXNob3ciOiI1MWFlZTdjZCJ9\" href='https:\/\/michellemarieweddings.de\/wp-content\/uploads\/2025\/09\/Braut-in-romantischem-Tuellkleid_Rina-Radtke-Photography-scaled.jpg'><img decoding=\"async\" width=\"1707\" height=\"2560\" src=\"https:\/\/michellemarieweddings.de\/wp-content\/uploads\/2025\/09\/Braut-in-romantischem-Tuellkleid_Rina-Radtke-Photography-scaled.jpg\" class=\"attachment-full size-full\" alt=\"elegante Braut im romantischen T\u00fcllkleid - wei\u00df heiraten - edle Perlenohrringe - modern Cinderella Hochzeit Wedding - romantische Hochzeit - Traumhochzeit im kleinen Kreis - feine kleine Hochzeit - Luxuri\u00f6se Microweddings - Hochzeiten mit Stil - Hochzeiten mit Unterhaltung der G\u00e4ste - Hochzeitshighlights - stressfrei heiraten - Momente f\u00fcr die Ewigkeit - Lebenserinnerungen - Hochzeitskleid Brautkleid Millia London - Hochzeitsplanerin Pia Schmeling - MichelleMarie Weddings - exklusive Hochzeitsplanung und Design f\u00fcr romantische stilvolle Hochzeiten - Frankfurt-Wiesbaden-Mainz-Taunus-Rhein-Main-Hessen-deutschlandweit - Rina Radtke Photography\" srcset=\"https:\/\/michellemarieweddings.de\/wp-content\/uploads\/2025\/09\/Braut-in-romantischem-Tuellkleid_Rina-Radtke-Photography-scaled.jpg 1707w, https:\/\/michellemarieweddings.de\/wp-content\/uploads\/2025\/09\/Braut-in-romantischem-Tuellkleid_Rina-Radtke-Photography-200x300.jpg 200w, https:\/\/michellemarieweddings.de\/wp-content\/uploads\/2025\/09\/Braut-in-romantischem-Tuellkleid_Rina-Radtke-Photography-683x1024.jpg 683w, https:\/\/michellemarieweddings.de\/wp-content\/uploads\/2025\/09\/Braut-in-romantischem-Tuellkleid_Rina-Radtke-Photography-768x1152.jpg 768w, https:\/\/michellemarieweddings.de\/wp-content\/uploads\/2025\/09\/Braut-in-romantischem-Tuellkleid_Rina-Radtke-Photography-1024x1536.jpg 1024w, https:\/\/michellemarieweddings.de\/wp-content\/uploads\/2025\/09\/Braut-in-romantischem-Tuellkleid_Rina-Radtke-Photography-1366x2048.jpg 1366w\" sizes=\"(max-width: 1707px) 100vw, 1707px\" \/><\/a>\n\t\t\t<\/div><\/figure><figure class='gallery-item'>\n\t\t\t<div class='gallery-icon portrait'>\n\t\t\t\t<a data-elementor-open-lightbox=\"yes\" data-elementor-lightbox-slideshow=\"51aee7cd\" data-elementor-lightbox-title=\"Tischdekoration mit Men\u00fckarte Hochzeit MichelleMarie Weddings_Rina Radtke Photography\" data-e-action-hash=\"#elementor-action%3Aaction%3Dlightbox%26settings%3DeyJpZCI6MTcyOSwidXJsIjoiaHR0cHM6XC9cL21pY2hlbGxlbWFyaWV3ZWRkaW5ncy5kZVwvd3AtY29udGVudFwvdXBsb2Fkc1wvMjAyNVwvMDlcL1Rpc2NoZGVrb3JhdGlvbi1taXQtTWVudWVrYXJ0ZS1Ib2NoemVpdC1NaWNoZWxsZU1hcmllLVdlZGRpbmdzX1JpbmEtUmFkdGtlLVBob3RvZ3JhcGh5LXNjYWxlZC5qcGciLCJzbGlkZXNob3ciOiI1MWFlZTdjZCJ9\" href='https:\/\/michellemarieweddings.de\/wp-content\/uploads\/2025\/09\/Tischdekoration-mit-Menuekarte-Hochzeit-MichelleMarie-Weddings_Rina-Radtke-Photography-scaled.jpg'><img decoding=\"async\" width=\"1707\" height=\"2560\" src=\"https:\/\/michellemarieweddings.de\/wp-content\/uploads\/2025\/09\/Tischdekoration-mit-Menuekarte-Hochzeit-MichelleMarie-Weddings_Rina-Radtke-Photography-scaled.jpg\" class=\"attachment-full size-full\" alt=\"Tischdekoration mit Men\u00fckarte Hochzeit - feine Hochzeitsdekoration - exklusives Wedding Design das alle Augen zum strahlen bringt - Goldbesteck edle Servietten elegante Gl\u00e4ser - pastellfarbene Hochzeitsdeko - Pastellfarben f\u00fcr eure Hochzeit - softe Farben f\u00fcr eine romantische Hochzeit wie im M\u00e4rchen - M\u00e4rchenhochzeit - modern fairytale wedding - Schlosshochzeit - traumhafte Blumendekoration - opulente Blumendekoration auf Hochzeit - elegante Tischdekoration - royal feiern - Location mit Schloss-Charakter - hochwertiges Hochzeitsdesign - ma\u00dfgeschneiderte Hochzeiten - Hochzeiten die neue Ma\u00dfst\u00e4be setzen - Sissi-Hochzeit- Hochzeitsplanung und Design - MichelleMarie Weddings - Pia Schmeling - Frankfurt-Mainz-Wiesbaden-Taunus-Darmstadt-Rhein-Main-Hessen-deutschlandweit - Wedding Planning und Wedding Design aus einer Hand - Hochzeitshighlights die euch und eure G\u00e4ste begeistern - seid Gast auf eurer eigenen Hochzeit - Zeremonienmeister - Weddingday Manager - Gesamtplanung - Teilplanung-Locationscout - Hochzeitspapeterie Astrid Scharly - Hochzeitseinladungen - Men\u00fckarten - Save the dates- Danksagungskarten - Platzkarten - exklusives Design und h\u00f6chste Qualit\u00e4t - Hochzeitsfloristik Blumen Koser - Hochzeitsfotografie Rina Radtke Photography\" srcset=\"https:\/\/michellemarieweddings.de\/wp-content\/uploads\/2025\/09\/Tischdekoration-mit-Menuekarte-Hochzeit-MichelleMarie-Weddings_Rina-Radtke-Photography-scaled.jpg 1707w, https:\/\/michellemarieweddings.de\/wp-content\/uploads\/2025\/09\/Tischdekoration-mit-Menuekarte-Hochzeit-MichelleMarie-Weddings_Rina-Radtke-Photography-200x300.jpg 200w, https:\/\/michellemarieweddings.de\/wp-content\/uploads\/2025\/09\/Tischdekoration-mit-Menuekarte-Hochzeit-MichelleMarie-Weddings_Rina-Radtke-Photography-683x1024.jpg 683w, https:\/\/michellemarieweddings.de\/wp-content\/uploads\/2025\/09\/Tischdekoration-mit-Menuekarte-Hochzeit-MichelleMarie-Weddings_Rina-Radtke-Photography-768x1152.jpg 768w, https:\/\/michellemarieweddings.de\/wp-content\/uploads\/2025\/09\/Tischdekoration-mit-Menuekarte-Hochzeit-MichelleMarie-Weddings_Rina-Radtke-Photography-1024x1536.jpg 1024w, https:\/\/michellemarieweddings.de\/wp-content\/uploads\/2025\/09\/Tischdekoration-mit-Menuekarte-Hochzeit-MichelleMarie-Weddings_Rina-Radtke-Photography-1365x2048.jpg 1365w\" sizes=\"(max-width: 1707px) 100vw, 1707px\" \/><\/a>\n\t\t\t<\/div><\/figure>\n\t\t<\/div>\n\t\t<\/div>\n\t\t\t\t\t\t<\/div>\n\t\t\t\t<\/div>\n\t\t\t\t\t<\/div>\n\t\t<\/div>\n\t\t\t\t\t<\/div>\n\t\t<\/section>\n\t\t\t\t<\/div>\n\t\t","protected":false},"excerpt":{"rendered":"<p>Anfrage stellen: Sch\u00f6n, dass ihr euch f\u00fcr eine erste Kontaktaufnahme entschieden habt! Sei es eine Teilplanung, eine Gesamtplanung, ein Wedding Design oder auch nur eine Locationsuche.&nbsp; Ich bin mir sicher, wir werden das richtige Konzept f\u00fcr euch finden. Nach dem Abschicken eurer Anfrage, werde ich euch innerhalb von 48 Std. kontaktieren, um&nbsp; einen gemeinsamen Termin [&hellip;]<\/p>\n","protected":false},"author":1,"featured_media":0,"parent":0,"menu_order":0,"comment_status":"closed","ping_status":"closed","template":"elementor_header_footer","meta":{"footnotes":""},"class_list":["post-101","page","type-page","status-publish","hentry"],"_links":{"self":[{"href":"https:\/\/michellemarieweddings.de\/en\/wp-json\/wp\/v2\/pages\/101","targetHints":{"allow":["GET"]}}],"collection":[{"href":"https:\/\/michellemarieweddings.de\/en\/wp-json\/wp\/v2\/pages"}],"about":[{"href":"https:\/\/michellemarieweddings.de\/en\/wp-json\/wp\/v2\/types\/page"}],"author":[{"embeddable":true,"href":"https:\/\/michellemarieweddings.de\/en\/wp-json\/wp\/v2\/users\/1"}],"replies":[{"embeddable":true,"href":"https:\/\/michellemarieweddings.de\/en\/wp-json\/wp\/v2\/comments?post=101"}],"version-history":[{"count":10,"href":"https:\/\/michellemarieweddings.de\/en\/wp-json\/wp\/v2\/pages\/101\/revisions"}],"predecessor-version":[{"id":1897,"href":"https:\/\/michellemarieweddings.de\/en\/wp-json\/wp\/v2\/pages\/101\/revisions\/1897"}],"wp:attachment":[{"href":"https:\/\/michellemarieweddings.de\/en\/wp-json\/wp\/v2\/media?parent=101"}],"curies":[{"name":"wp","href":"https:\/\/api.w.org\/{rel}","templated":true}]}}